{"id":17916,"date":"2025-11-15T13:23:14","date_gmt":"2025-11-15T10:23:14","guid":{"rendered":"https:\/\/kukkur.ee\/?page_id=17916"},"modified":"2025-11-15T14:55:58","modified_gmt":"2025-11-15T11:55:58","slug":"tingimused","status":"publish","type":"page","link":"https:\/\/kukkur.ee\/et\/tingimused\/","title":{"rendered":"Kukkur.ee &#8211; M\u00fc\u00fcgitingimused"},"content":{"rendered":"<p><strong>Papp&amp;Plastik O\u00dc m\u00fc\u00fcgitingimused<\/strong>&nbsp;<\/p>\n\n\n\n<ol class=\"wp-block-list\">\n<li><strong>\u00dclds\u00e4tted<\/strong><br>1.1 Papp&amp;Plastik O\u00dc (registrikood: 12365149; edaspidi Kukkur.ee) m\u00fc\u00fcgitingimused on Kukkur.ee ja Kliendi (edaspidi Pooled) vahelise m\u00fc\u00fcgilepingu lahutamatuks lisaks www.kukkur.ee veebipoest kaupade ostmisel.<br>1.2 M\u00fc\u00fcgileping j\u00f5ustub tellimuse vormistamisest Kliendi poolt. Lepingu s\u00f5lmimisega kinnitab Klient, et tal on olnud piisav v\u00f5imalus Kukkur.ee m\u00fc\u00fcgitingimustega tutvuda, ta on m\u00fc\u00fcgitingimustega tutvunud, nende sisust aru saanud ja v\u00f5tab need t\u00e4itmiseks.<br>1.3 Kukkur.ee\u2019l on \u00f5igus \u00fchepoolselt muuta m\u00fc\u00fcgitingimusi v\u00f5i kehtestada uued m\u00fc\u00fcgitingimused.<br>1.4 M\u00fc\u00fcgitingimustes reguleerimata k\u00fcsimustes l\u00e4htuvad Pooled Eesti Vabariigi \u00f5igusaktides s\u00e4testatust.<\/li>\n\n\n\n<li><strong>Kukkur.ee tooted ja hinnad<\/strong><br>2.1 Kukkur.ee veebipoes avaldatud tooted on reeglina laos olemas. Kukkur.ee toodete k\u00e4ttesaadavus v\u00f5ib muutuda tehniliste probleemide korral, laoseisu muutudes v\u00f5i muul p\u00f5hjusel.<br>2.2 Kukkur.ee veebipoes avaldatud toodete hinnad sisaldavad k\u00e4ibemaksu Eestis kehtivas m\u00e4\u00e4ras. Kukkur.ee veebipoes avaldatud toodete hindadele lisandub kauba k\u00e4ttetoimetamise tasu. Kukkur.ee\u2019l on \u00f5igus \u00fchepoolselt toodete hindu ette teatamata muuta.<br>2.3 Kukkur.ee veebipoes avaldatud toodete fotod on \u00fcksnes illustratiivse t\u00e4hendusega ja toode v\u00f5ib tegelikkuses erineda pildil kujutatust.<br>2.4 Kukkur.ee veebipoes avaldatud tootekirjeldusi ei saa k\u00e4sitada ammendavana ja need v\u00f5ivad sisaldada ebat\u00e4psusi. Kukkur.ee kontrollib regulaarselt veebipoes avaldatud tootekirjelduste tegelikkusele vastavust ja k\u00f5rvaldab v\u00f5imalikud ebat\u00e4psused esimesel v\u00f5imalusel.<br>2.5 Juhul kui toode Kukkur.ee laost puudub ja Kukkur.ee\u2019l ei ole ole v\u00f5imalik tellimust tavap\u00e4rase tarneaja jooksul t\u00e4ita, v\u00f5tab Kukkur.ee Kliendiga \u00fchendust ja pakub v\u00e4lja uue tarneaja. Kui Kukkur.ee uus tarnaeg Kliendile ei sobi, tagastab Kukkur.ee Kliendile toote eest tasutud ostuhinna, sealhulgas postikulud, 30 (kolmek\u00fcmne) p\u00e4eva jooksul sellekohase avalduse k\u00e4ttesaamisest arvates.<\/li>\n\n\n\n<li><strong>Tellimuse vormistamine ja tasumine<\/strong><br>3.1 Valige v\u00e4lja soovitud toode v\u00f5i tooted. Toote ostukorvi lisamiseks vajutage lingil \u201cOsta\u201d. Ostukorvi sisu saab vaadata vajutades lingil \u201cOstukorv\u201d. Ostu vormistamiseks tuleb j\u00e4tkata vajutades lingil \u201cMine maksma\u201d. Seej\u00e4rel t\u00e4itke kohustuslikud v\u00e4ljad, valige tellimuse k\u00e4ttetoimetamise viis ning kinnitage tellimus vajutades lingil \u201cKinnita tellimus\u201d. Tellimuse vastuv\u00f5tmise kohta saadab Kukkur.ee Kliendi e-posti aaressile tellimuse vastuv\u00f5tmise teate. P\u00e4rast tellimuse kinnitamist tasuge tellimuse eest pangalingi vahendusel v\u00f5i panga\u00fclekandega Kukkur.ee esitatud arve alusel.<\/li>\n\n\n\n<li><strong>Kliendi kohustused<\/strong><br>4.1 Klient on kohustatud Kukkur.ee veebipoest ostu sooritamisel tasuma Kukkur.ee arve alusel toote eest t\u00e4ieliku ostuhinna ja postikulud. Kukkur.ee toimetab kauba Kliendile k\u00e4tte p\u00e4rast ostuhinna t\u00e4ielikku tasumist.<br>4.2 Klient kohustub Kukkur.ee veebipoest tellimuse vormistamisel sisestama tellimusvormil n\u00f5utud andmed. Kliendi poolt esitatud andmed peavad olema \u00f5iged. Klient vastutab tahtliku valeandmete esitamise eest.<br>4.3 Kukkur.ee ei vastuta Klienti poolt eba\u00f5igete andmete esitamisest tuleneva kauba mittek\u00e4ttesaamise v\u00f5i muude tagaj\u00e4rgede eest.<\/li>\n\n\n\n<li><strong>Kauba k\u00e4ttetoimetamine<\/strong><br>5.1 Kliendil on Kukkur.ee veebipoes v\u00f5imalus valida erinevate kauba k\u00e4ttetoimetamise teenuse osutajate vahel. Alates 50 \u20ac suuruste tellimuste puhul on kauba k\u00e4ttetoimetamine Kliendile tasuta.<br>5.2 Kukkur.ee kaubad toimetatakse Kliendile k\u00e4tte 7 (seitsme) kalendrip\u00e4eva jooksul. Kukkur.ee ei vastuta kauba k\u00e4ttetoimetamise viibimise eest, mis on tingitud Kukkur.ee\u2019st s\u00f5ltumatutest asjaoludest.<br>5.3 Kauba k\u00e4ttetoimetamise aeg hakkab kulgema ostuhinna t\u00e4ielikust laekumisest Kukkur.ee arvelduskontole.<br>5.4 Kaubad toimetatakse Kliendile k\u00e4tte Eesti Vabariigi piires.<\/li>\n\n\n\n<li><strong>Kliendi taganemis\u00f5igus<\/strong><br>6.1 Kliendil on \u00f5igus 14 (neljateistk\u00fcmne) p\u00e4eva jooksul lepingust taganeda. Kliendi taganemis\u00f5iguse t\u00e4htaeg hakkab kulgema p\u00e4evast, mil Klient sai kauba k\u00e4tte.<br>6.2 Klient on kohustatud taganemis\u00f5iguse kasutamiseks esitama m\u00fc\u00fcgitingimuste punktis 6.1 s\u00e4testatud t\u00e4htaja jooksul taganemisavalduse e-posti aadressile info@kukkur.ee.<br>6.3 Kliendi poolsel taganemis\u00f5iguse kasutamisel ei tohi kauba pakend olla avatud v\u00f5i kahjustatud. Klient kohustub lepingust taganemisel tagastama kauba viivitamatult, kuid mitte hiljem kui 30 (kolmek\u00fcmne) p\u00e4eva jooksul.<br>6.4 Lepingust taganemise korral tagastab Kukkur.ee Kliendile kauba eest tasutud ostuhinna ja kauba k\u00e4ttetoimetamise kulud 14 (neljateistk\u00fcmne) p\u00e4eva jooksul p\u00e4rast Kliendi poolset kauba tagastamist Kukkur.ee\u2019le. Kaup loetakse Kliendi poolt tagastatuks p\u00e4eval, mil Kukkur.ee on kauba k\u00e4tte saanud.<br>6.5 Taganemis\u00f5iguse kasutamisel kannab kauba tagastamise kulud, sealhulgas postikulud, Klient.<\/li>\n\n\n\n<li><strong>Vastutus<\/strong><br>7.1 Pooled vastutavad lepingu rikkumise eest \u00f5igusaktides s\u00e4tesatud korras. Pooled ei vastuta lepingu mittet\u00e4itmise eest, mille on tinginud v\u00e4\u00e4ramatu j\u00f5ud.<\/li>\n\n\n\n<li><strong>Isikuandmete t\u00f6\u00f6tlemine<\/strong><br>8.1 Lepingu s\u00f5lmimisega annab Klient n\u00f5usoleku oma isikuandmete t\u00f6\u00f6tlemiseks. Kliendi isikuandmete vastutav t\u00f6\u00f6tleja on Kukkur.ee.<br>8.2 Kukkur.ee kohustub Kliendi isikuandmete t\u00f6\u00f6tlemisel j\u00e4rgima \u00f5igusaktides s\u00e4testatud n\u00f5udeid.<br>8.3 Kukkur.ee t\u00f6\u00f6tleb Kliendi iskuandmeid lepingu t\u00e4itmise tagamiseks, teenuse edasiarendamiseks ja Kliendile parama kaubavaliku pakkumiseks.<br>8.4 Kukkur.ee poolt registreeritavate isikuandmete koosseisu kuuluvad eelk\u00f5ige Kliendi ees- ja perekonnanimi, isikukood v\u00f5i s\u00fcnniaeg, aadress (maja, t\u00e4nav, asula v\u00f5i linn, postiindeks, kontaktandmed (telefoninumber, e-posti aadress), sugu, kauba kohaletoimetamise- ja makseviis.<br>8.5 Kukkur.ee\u2019l on \u00f5igus edastada kauba kohaletoomise teenust pakkuvatele isikutele selliseid Kliendi isikuandmeid, mis on vajalikud kauba k\u00e4ttetoimetamiseks.<br>8.6 Kliendil on \u00f5igus tema kohta kogutud isikuandmeid kontrollida, muuta, parandada ja n\u00f5uda isikuandmete registrist eemaldamist. Klient v\u00f5ib isikuandmete t\u00f6\u00f6tlemise kohta antud n\u00f5usoleku tagasi v\u00f5tta. Kliendi poolsel isikuandmete t\u00f6\u00f6tlemise n\u00f5usoleku tagasiv\u00f5tmisel ei ole tagasiulatuvat j\u00f5udu.<br>8.7 Klient annab Kukkur.ee\u2019le lepingu s\u00f5lmimisega n\u00f5usoleku saada m\u00fc\u00fcgipakkumisi tingimusel, et Klient on kinnitanud sellise n\u00f5usoleku andmist tellimuse vormistamisel vastavas lahtris.<\/li>\n\n\n\n<li><strong>Pretensioonide esitamine ja erimeelsuste lahendamine<\/strong><br>9.1 Kukkur.ee vastutab Kliendile m\u00fc\u00fcdud kauba lepingutingimustele mittevastavuse v\u00f5i puuduste eest, mis ilmnevad kuni 2 (kahe) aasta jooksul, arvates kauba k\u00e4ttetoimetamisest Kliendile.<br>9.2 Kukkur.ee ei vastutada kauba puuduste eest, mis on tingitud kauba mittekorrap\u00e4rasest kasutamisest v\u00f5i kauba kahjustamisest Kliendi poolt.<br>9.3 Kauba lepingutingimustele mittevastavuse korral on Kliendil \u00f5igus toode tagastada ja n\u00f5uda toote asendamist. Lepingutingimustele mittevastava toote tagastamise ja asendamise kulud kannab Kukkur.ee.<br>9.4 Kauba lepingutingimustele mittevastavuse ilmnemisel kohustub Klient esitama pretensiooni e-posti aadressil info@Kukkur.ee. Klient kohustub pretensioonis m\u00e4rkima tellimuse esitaja nime, kontaktandmed, tellimuse registreerimisnumbri ja kirjeldama v\u00f5imalikult t\u00e4pselt toote puudust.<br>9.5 Kukkur.ee registreerib k\u00f5ik laekunud pretensioonid ja vastab pretensioonile esimesel v\u00f5imalusel, kuid mitte hiljem kui 14 (neljateistk\u00fcmne) kalendrip\u00e4eva jooksul.<br>9.6 K\u00f5ik lepingu t\u00e4itmisest tekkivad erimeelsused lahendatakse Poolte vaheliste l\u00e4bir\u00e4\u00e4kimiste teel, kokkuleppe mittesaavutamisel Eestis kehtivate \u00f5igusaktide alusel Eesti Vabariigi kohtus.<\/li>\n<\/ol>\n\n\n\n<p class=\"has-text-align-left\" style=\"font-style:normal;font-weight:500\"><\/p>","protected":false},"excerpt":{"rendered":"<p>Papp&amp;Plastik O\u00dc m\u00fc\u00fcgitingimused&nbsp;<\/p>","protected":false},"author":1,"featured_media":0,"parent":0,"menu_order":0,"comment_status":"closed","ping_status":"closed","template":"","meta":{"footnotes":""},"class_list":["post-17916","page","type-page","status-publish","hentry"],"yoast_head":"<!-- This site is optimized with the Yoast SEO plugin v26.9 - https:\/\/yoast.com\/product\/yoast-seo-wordpress\/ -->\n<title>Kukkur.ee - M\u00fc\u00fcgitingimused - Minimalistlikud disain kaardihoidjad<\/title>\n<meta name=\"robots\" content=\"index, follow, max-snippet:-1, max-image-preview:large, max-video-preview:-1\" \/>\n<link rel=\"canonical\" href=\"https:\/\/kukkur.ee\/et\/tingimused\/\" \/>\n<meta property=\"og:locale\" content=\"et_EE\" \/>\n<meta property=\"og:type\" content=\"article\" \/>\n<meta property=\"og:title\" content=\"Kukkur.ee - M\u00fc\u00fcgitingimused - Minimalistlikud disain kaardihoidjad\" \/>\n<meta property=\"og:description\" content=\"Papp&amp;Plastik O\u00dc m\u00fc\u00fcgitingimused&nbsp;\" \/>\n<meta property=\"og:url\" content=\"https:\/\/kukkur.ee\/et\/tingimused\/\" \/>\n<meta property=\"og:site_name\" content=\"Minimalistlikud disain kaardihoidjad\" \/>\n<meta property=\"article:modified_time\" content=\"2025-11-15T11:55:58+00:00\" \/>\n<meta name=\"twitter:card\" content=\"summary_large_image\" \/>\n<meta name=\"twitter:label1\" content=\"Est. reading time\" \/>\n\t<meta name=\"twitter:data1\" content=\"5 minutit\" \/>\n<script type=\"application\/ld+json\" class=\"yoast-schema-graph\">{\"@context\":\"https:\/\/schema.org\",\"@graph\":[{\"@type\":\"WebPage\",\"@id\":\"https:\/\/kukkur.ee\/tingimused\/\",\"url\":\"https:\/\/kukkur.ee\/tingimused\/\",\"name\":\"Kukkur.ee - M\u00fc\u00fcgitingimused - Minimalistlikud disain kaardihoidjad\",\"isPartOf\":{\"@id\":\"https:\/\/kukkur.ee\/#website\"},\"datePublished\":\"2025-11-15T10:23:14+00:00\",\"dateModified\":\"2025-11-15T11:55:58+00:00\",\"breadcrumb\":{\"@id\":\"https:\/\/kukkur.ee\/tingimused\/#breadcrumb\"},\"inLanguage\":\"et\",\"potentialAction\":[{\"@type\":\"ReadAction\",\"target\":[\"https:\/\/kukkur.ee\/tingimused\/\"]}]},{\"@type\":\"BreadcrumbList\",\"@id\":\"https:\/\/kukkur.ee\/tingimused\/#breadcrumb\",\"itemListElement\":[{\"@type\":\"ListItem\",\"position\":1,\"name\":\"Home\",\"item\":\"https:\/\/kukkur.ee\/\"},{\"@type\":\"ListItem\",\"position\":2,\"name\":\"Kukkur.ee &#8211; M\u00fc\u00fcgitingimused\"}]},{\"@type\":\"WebSite\",\"@id\":\"https:\/\/kukkur.ee\/#website\",\"url\":\"https:\/\/kukkur.ee\/\",\"name\":\"Minimalistlikud disain kaardihoidjad\",\"description\":\"Minimalistlikud rahakotid ja kaardihoidjad\",\"publisher\":{\"@id\":\"https:\/\/kukkur.ee\/#organization\"},\"potentialAction\":[{\"@type\":\"SearchAction\",\"target\":{\"@type\":\"EntryPoint\",\"urlTemplate\":\"https:\/\/kukkur.ee\/?s={search_term_string}\"},\"query-input\":{\"@type\":\"PropertyValueSpecification\",\"valueRequired\":true,\"valueName\":\"search_term_string\"}}],\"inLanguage\":\"et\"},{\"@type\":\"Organization\",\"@id\":\"https:\/\/kukkur.ee\/#organization\",\"name\":\"Minimalistlikud disain kaardihoidjad\",\"url\":\"https:\/\/kukkur.ee\/\",\"logo\":{\"@type\":\"ImageObject\",\"inLanguage\":\"et\",\"@id\":\"https:\/\/kukkur.ee\/#\/schema\/logo\/image\/\",\"url\":\"https:\/\/kukkur.ee\/wp-content\/uploads\/2025\/11\/cropped-Convert-the-Kukkur.e.png\",\"contentUrl\":\"https:\/\/kukkur.ee\/wp-content\/uploads\/2025\/11\/cropped-Convert-the-Kukkur.e.png\",\"width\":1022,\"height\":502,\"caption\":\"Minimalistlikud disain kaardihoidjad\"},\"image\":{\"@id\":\"https:\/\/kukkur.ee\/#\/schema\/logo\/image\/\"}}]}<\/script>\n<!-- \/ Yoast SEO plugin. -->","yoast_head_json":{"title":"Kukkur.ee - M\u00fc\u00fcgitingimused - Minimalistlikud disain kaardihoidjad","robots":{"index":"index","follow":"follow","max-snippet":"max-snippet:-1","max-image-preview":"max-image-preview:large","max-video-preview":"max-video-preview:-1"},"canonical":"https:\/\/kukkur.ee\/et\/tingimused\/","og_locale":"et_EE","og_type":"article","og_title":"Kukkur.ee - M\u00fc\u00fcgitingimused - Minimalistlikud disain kaardihoidjad","og_description":"Papp&amp;Plastik O\u00dc m\u00fc\u00fcgitingimused&nbsp;","og_url":"https:\/\/kukkur.ee\/et\/tingimused\/","og_site_name":"Minimalistlikud disain kaardihoidjad","article_modified_time":"2025-11-15T11:55:58+00:00","twitter_card":"summary_large_image","twitter_misc":{"Est. reading time":"5 minutit"},"schema":{"@context":"https:\/\/schema.org","@graph":[{"@type":"WebPage","@id":"https:\/\/kukkur.ee\/tingimused\/","url":"https:\/\/kukkur.ee\/tingimused\/","name":"Kukkur.ee - M\u00fc\u00fcgitingimused - Minimalistlikud disain kaardihoidjad","isPartOf":{"@id":"https:\/\/kukkur.ee\/#website"},"datePublished":"2025-11-15T10:23:14+00:00","dateModified":"2025-11-15T11:55:58+00:00","breadcrumb":{"@id":"https:\/\/kukkur.ee\/tingimused\/#breadcrumb"},"inLanguage":"et","potentialAction":[{"@type":"ReadAction","target":["https:\/\/kukkur.ee\/tingimused\/"]}]},{"@type":"BreadcrumbList","@id":"https:\/\/kukkur.ee\/tingimused\/#breadcrumb","itemListElement":[{"@type":"ListItem","position":1,"name":"Home","item":"https:\/\/kukkur.ee\/"},{"@type":"ListItem","position":2,"name":"Kukkur.ee &#8211; M\u00fc\u00fcgitingimused"}]},{"@type":"WebSite","@id":"https:\/\/kukkur.ee\/#website","url":"https:\/\/kukkur.ee\/","name":"Minimalistlikud disain kaardihoidjad","description":"Minimalistlikud rahakotid ja kaardihoidjad","publisher":{"@id":"https:\/\/kukkur.ee\/#organization"},"potentialAction":[{"@type":"SearchAction","target":{"@type":"EntryPoint","urlTemplate":"https:\/\/kukkur.ee\/?s={search_term_string}"},"query-input":{"@type":"PropertyValueSpecification","valueRequired":true,"valueName":"search_term_string"}}],"inLanguage":"et"},{"@type":"Organization","@id":"https:\/\/kukkur.ee\/#organization","name":"Minimalistlikud disain kaardihoidjad","url":"https:\/\/kukkur.ee\/","logo":{"@type":"ImageObject","inLanguage":"et","@id":"https:\/\/kukkur.ee\/#\/schema\/logo\/image\/","url":"https:\/\/kukkur.ee\/wp-content\/uploads\/2025\/11\/cropped-Convert-the-Kukkur.e.png","contentUrl":"https:\/\/kukkur.ee\/wp-content\/uploads\/2025\/11\/cropped-Convert-the-Kukkur.e.png","width":1022,"height":502,"caption":"Minimalistlikud disain kaardihoidjad"},"image":{"@id":"https:\/\/kukkur.ee\/#\/schema\/logo\/image\/"}}]}},"jetpack_sharing_enabled":true,"_links":{"self":[{"href":"https:\/\/kukkur.ee\/et\/wp-json\/wp\/v2\/pages\/17916","targetHints":{"allow":["GET"]}}],"collection":[{"href":"https:\/\/kukkur.ee\/et\/wp-json\/wp\/v2\/pages"}],"about":[{"href":"https:\/\/kukkur.ee\/et\/wp-json\/wp\/v2\/types\/page"}],"author":[{"embeddable":true,"href":"https:\/\/kukkur.ee\/et\/wp-json\/wp\/v2\/users\/1"}],"replies":[{"embeddable":true,"href":"https:\/\/kukkur.ee\/et\/wp-json\/wp\/v2\/comments?post=17916"}],"version-history":[{"count":2,"href":"https:\/\/kukkur.ee\/et\/wp-json\/wp\/v2\/pages\/17916\/revisions"}],"predecessor-version":[{"id":17927,"href":"https:\/\/kukkur.ee\/et\/wp-json\/wp\/v2\/pages\/17916\/revisions\/17927"}],"wp:attachment":[{"href":"https:\/\/kukkur.ee\/et\/wp-json\/wp\/v2\/media?parent=17916"}],"curies":[{"name":"wp","href":"https:\/\/api.w.org\/{rel}","templated":true}]}}