{"id":162,"date":"2019-07-16T10:04:55","date_gmt":"2019-07-16T10:04:55","guid":{"rendered":"http:\/\/kukkur.ee\/?post_type=product&#038;p=162"},"modified":"2023-11-24T14:53:15","modified_gmt":"2023-11-24T11:53:15","slug":"vurle-kaardihoidja","status":"publish","type":"product","link":"https:\/\/kukkur.ee\/et\/toode\/vurle-kaardihoidja\/","title":{"rendered":"Vurle kaardihoidja"},"content":{"rendered":"","protected":false},"excerpt":{"rendered":"<p>Vurle kaardihoidja, m\u00fcndikarp, pudeliavaja &#8211; kombineerib sooja puidu ja tugeva terase esteetiliseks aksessuaariks. Iga kaardihoidja on t\u00e4nu puidumustrile pisut eriline \u2013 nagu sa isegi.<\/p>\n<p>Kaardihoidja roostevabast terasest metallosa mahutab 7-8 kaarti. Samal ajal hoiab puidust laegas saladusi \u2013 olgu selleks sularaha (kuni 50 \u20ac kup\u00fc\u00fcr), v\u00f5ti, s\u00f5rmus v\u00f5i perepilt.<\/p>\n<p>VURLE kaardihoidja puidust osale saab\u00a0<a href=\"https:\/\/www.logo.ee\/et\/services\/graveerimine\" target=\"_blank\" rel=\"noopener noreferrer\">graveerida<\/a>\u00a0s\u00f5numi v\u00f5i teie firma logo. Graveeringuala: 90&#215;60 mm tagak\u00fcljel v\u00f5i 80&#215;50 mm toosi sees.<\/p>\n<p><b>VURLE kaardihoidja on Eesti disainiauhinna Bruno nominent 2018. aastal.<\/b><\/p>\n<div style=\"width: 800px;\" class=\"wp-video\"><video class=\"wp-video-shortcode\" id=\"video-162-1\" width=\"800\" height=\"450\" preload=\"metadata\" controls=\"controls\"><source type=\"video\/mp4\" src=\"https:\/\/kukkur.ee\/wp-content\/uploads\/2019\/09\/Vurle.mp4?_=1\" \/><a href=\"https:\/\/kukkur.ee\/wp-content\/uploads\/2019\/09\/Vurle.mp4\">https:\/\/kukkur.ee\/wp-content\/uploads\/2019\/09\/Vurle.mp4<\/a><\/video><\/div>\n<p>See video loodi Buildit Creative&#8217;i Createit programmi toel (<a href=\"http:\/\/www.createit.ee\/\" target=\"_blank\" rel=\"noopener noreferrer\" data-saferedirecturl=\"https:\/\/www.google.com\/url?q=http:\/\/www.createit.ee&amp;source=gmail&amp;ust=1570009571567000&amp;usg=AFQjCNH200R13Bzykws5N2ichJU5_8IzZA\">www.createit.ee<\/a>), mida kaasrahastas Euroopa Regionaalarengu Fond l\u00e4bi Ettev\u00f5tluse Arendamise Sihtasutuse loomemajanduse inkubatsiooniteenuse arendamise programmi.<\/p>\n<p>This video was made with the support from Buildit Creative\u2019s Createit programme, co-financed by European Regional Development Fund via Enterprise Estonia\u2019s creative industries incubation development programme.<\/p>\n<p><img decoding=\"async\" class=\"alignnone\" src=\"http:\/\/www.eas.ee\/wp-content\/uploads\/2018\/03\/EL_Regionaalarengufond_hor_EST-1.jpg\" width=\"292\" height=\"87\" \/><\/p>\n<p>&nbsp;<\/p>","protected":false},"featured_media":169,"template":"","meta":[],"product_brand":[],"product_cat":[18,19,20],"product_tag":[],"class_list":{"0":"post-162","1":"product","2":"type-product","3":"status-publish","4":"has-post-thumbnail","6":"product_cat-kaardihoidjad","7":"product_cat-meeste-kaardihoidjad","8":"product_cat-naiste-kaardihoidjad","10":"first","11":"outofstock","12":"featured","13":"taxable","14":"shipping-taxable","15":"purchasable","16":"product-type-variable"},"yoast_head":"<!-- This site is optimized with the Yoast SEO plugin v26.9 - https:\/\/yoast.com\/product\/yoast-seo-wordpress\/ -->\n<title>Vurle kaardihoidja - Minimalistlikud disain kaardihoidjad<\/title>\n<meta name=\"robots\" content=\"index, follow, max-snippet:-1, max-image-preview:large, max-video-preview:-1\" \/>\n<link rel=\"canonical\" href=\"https:\/\/kukkur.ee\/et\/toode\/vurle-kaardihoidja\/\" \/>\n<meta property=\"og:locale\" content=\"et_EE\" \/>\n<meta property=\"og:type\" content=\"article\" \/>\n<meta property=\"og:title\" content=\"Vurle kaardihoidja - Minimalistlikud disain kaardihoidjad\" \/>\n<meta property=\"og:description\" content=\"Vurle kaardihoidja, m\u00fcndikarp, pudeliavaja - kombineerib sooja puidu ja tugeva terase esteetiliseks aksessuaariks. Iga kaardihoidja on t\u00e4nu puidumustrile pisut eriline \u2013 nagu sa isegi.  Kaardihoidja roostevabast terasest metallosa mahutab 7-8 kaarti. Samal ajal hoiab puidust laegas saladusi \u2013 olgu selleks sularaha (kuni 50 \u20ac kup\u00fc\u00fcr), v\u00f5ti, s\u00f5rmus v\u00f5i perepilt.  VURLE kaardihoidja puidust osale saab\u00a0graveerida\u00a0s\u00f5numi v\u00f5i teie firma logo. Graveeringuala: 90x60 mm tagak\u00fcljel v\u00f5i 80x50 mm toosi sees.  VURLE kaardihoidja on Eesti disainiauhinna Bruno nominent 2018. aastal.    See video loodi Buildit Creative&#039;i Createit programmi toel (www.createit.ee), mida kaasrahastas Euroopa Regionaalarengu Fond l\u00e4bi Ettev\u00f5tluse Arendamise Sihtasutuse loomemajanduse inkubatsiooniteenuse arendamise programmi.  This video was made with the support from Buildit Creative\u2019s Createit programme, co-financed by European Regional Development Fund via Enterprise Estonia\u2019s creative industries incubation development programme.    &nbsp;\" \/>\n<meta property=\"og:url\" content=\"https:\/\/kukkur.ee\/et\/toode\/vurle-kaardihoidja\/\" \/>\n<meta property=\"og:site_name\" content=\"Minimalistlikud disain kaardihoidjad\" \/>\n<meta property=\"article:modified_time\" content=\"2023-11-24T11:53:15+00:00\" \/>\n<meta property=\"og:image\" content=\"https:\/\/kukkur.ee\/wp-content\/uploads\/2019\/07\/vurle-kaardihoidja-pruun.jpg\" \/>\n\t<meta property=\"og:image:width\" content=\"658\" \/>\n\t<meta property=\"og:image:height\" content=\"658\" \/>\n\t<meta property=\"og:image:type\" content=\"image\/jpeg\" \/>\n<meta name=\"twitter:card\" content=\"summary_large_image\" \/>\n<script type=\"application\/ld+json\" class=\"yoast-schema-graph\">{\"@context\":\"https:\/\/schema.org\",\"@graph\":[{\"@type\":\"WebPage\",\"@id\":\"https:\/\/kukkur.ee\/toode\/vurle-kaardihoidja\/\",\"url\":\"https:\/\/kukkur.ee\/toode\/vurle-kaardihoidja\/\",\"name\":\"Vurle kaardihoidja - Minimalistlikud disain kaardihoidjad\",\"isPartOf\":{\"@id\":\"https:\/\/kukkur.ee\/#website\"},\"primaryImageOfPage\":{\"@id\":\"https:\/\/kukkur.ee\/toode\/vurle-kaardihoidja\/#primaryimage\"},\"image\":{\"@id\":\"https:\/\/kukkur.ee\/toode\/vurle-kaardihoidja\/#primaryimage\"},\"thumbnailUrl\":\"https:\/\/kukkur.ee\/wp-content\/uploads\/2019\/07\/vurle-kaardihoidja-pruun.jpg\",\"datePublished\":\"2019-07-16T10:04:55+00:00\",\"dateModified\":\"2023-11-24T11:53:15+00:00\",\"breadcrumb\":{\"@id\":\"https:\/\/kukkur.ee\/toode\/vurle-kaardihoidja\/#breadcrumb\"},\"inLanguage\":\"et\",\"potentialAction\":[{\"@type\":\"ReadAction\",\"target\":[\"https:\/\/kukkur.ee\/toode\/vurle-kaardihoidja\/\"]}]},{\"@type\":\"ImageObject\",\"inLanguage\":\"et\",\"@id\":\"https:\/\/kukkur.ee\/toode\/vurle-kaardihoidja\/#primaryimage\",\"url\":\"https:\/\/kukkur.ee\/wp-content\/uploads\/2019\/07\/vurle-kaardihoidja-pruun.jpg\",\"contentUrl\":\"https:\/\/kukkur.ee\/wp-content\/uploads\/2019\/07\/vurle-kaardihoidja-pruun.jpg\",\"width\":658,\"height\":658},{\"@type\":\"BreadcrumbList\",\"@id\":\"https:\/\/kukkur.ee\/toode\/vurle-kaardihoidja\/#breadcrumb\",\"itemListElement\":[{\"@type\":\"ListItem\",\"position\":1,\"name\":\"Home\",\"item\":\"https:\/\/kukkur.ee\/\"},{\"@type\":\"ListItem\",\"position\":2,\"name\":\"Store\",\"item\":\"https:\/\/kukkur.ee\/store\/\"},{\"@type\":\"ListItem\",\"position\":3,\"name\":\"Vurle kaardihoidja\"}]},{\"@type\":\"WebSite\",\"@id\":\"https:\/\/kukkur.ee\/#website\",\"url\":\"https:\/\/kukkur.ee\/\",\"name\":\"Minimalistlikud disain kaardihoidjad\",\"description\":\"Minimalistlikud rahakotid ja kaardihoidjad\",\"publisher\":{\"@id\":\"https:\/\/kukkur.ee\/#organization\"},\"potentialAction\":[{\"@type\":\"SearchAction\",\"target\":{\"@type\":\"EntryPoint\",\"urlTemplate\":\"https:\/\/kukkur.ee\/?s={search_term_string}\"},\"query-input\":{\"@type\":\"PropertyValueSpecification\",\"valueRequired\":true,\"valueName\":\"search_term_string\"}}],\"inLanguage\":\"et\"},{\"@type\":\"Organization\",\"@id\":\"https:\/\/kukkur.ee\/#organization\",\"name\":\"Minimalistlikud disain kaardihoidjad\",\"url\":\"https:\/\/kukkur.ee\/\",\"logo\":{\"@type\":\"ImageObject\",\"inLanguage\":\"et\",\"@id\":\"https:\/\/kukkur.ee\/#\/schema\/logo\/image\/\",\"url\":\"https:\/\/kukkur.ee\/wp-content\/uploads\/2025\/11\/cropped-Convert-the-Kukkur.e.png\",\"contentUrl\":\"https:\/\/kukkur.ee\/wp-content\/uploads\/2025\/11\/cropped-Convert-the-Kukkur.e.png\",\"width\":1022,\"height\":502,\"caption\":\"Minimalistlikud disain kaardihoidjad\"},\"image\":{\"@id\":\"https:\/\/kukkur.ee\/#\/schema\/logo\/image\/\"}}]}<\/script>\n<!-- \/ Yoast SEO plugin. -->","yoast_head_json":{"title":"Vurle kaardihoidja - Minimalistlikud disain kaardihoidjad","robots":{"index":"index","follow":"follow","max-snippet":"max-snippet:-1","max-image-preview":"max-image-preview:large","max-video-preview":"max-video-preview:-1"},"canonical":"https:\/\/kukkur.ee\/et\/toode\/vurle-kaardihoidja\/","og_locale":"et_EE","og_type":"article","og_title":"Vurle kaardihoidja - Minimalistlikud disain kaardihoidjad","og_description":"Vurle kaardihoidja, m\u00fcndikarp, pudeliavaja - kombineerib sooja puidu ja tugeva terase esteetiliseks aksessuaariks. Iga kaardihoidja on t\u00e4nu puidumustrile pisut eriline \u2013 nagu sa isegi.  Kaardihoidja roostevabast terasest metallosa mahutab 7-8 kaarti. Samal ajal hoiab puidust laegas saladusi \u2013 olgu selleks sularaha (kuni 50 \u20ac kup\u00fc\u00fcr), v\u00f5ti, s\u00f5rmus v\u00f5i perepilt.  VURLE kaardihoidja puidust osale saab\u00a0graveerida\u00a0s\u00f5numi v\u00f5i teie firma logo. Graveeringuala: 90x60 mm tagak\u00fcljel v\u00f5i 80x50 mm toosi sees.  VURLE kaardihoidja on Eesti disainiauhinna Bruno nominent 2018. aastal.    See video loodi Buildit Creative'i Createit programmi toel (www.createit.ee), mida kaasrahastas Euroopa Regionaalarengu Fond l\u00e4bi Ettev\u00f5tluse Arendamise Sihtasutuse loomemajanduse inkubatsiooniteenuse arendamise programmi.  This video was made with the support from Buildit Creative\u2019s Createit programme, co-financed by European Regional Development Fund via Enterprise Estonia\u2019s creative industries incubation development programme.    &nbsp;","og_url":"https:\/\/kukkur.ee\/et\/toode\/vurle-kaardihoidja\/","og_site_name":"Minimalistlikud disain kaardihoidjad","article_modified_time":"2023-11-24T11:53:15+00:00","og_image":[{"width":658,"height":658,"url":"https:\/\/kukkur.ee\/wp-content\/uploads\/2019\/07\/vurle-kaardihoidja-pruun.jpg","type":"image\/jpeg"}],"twitter_card":"summary_large_image","schema":{"@context":"https:\/\/schema.org","@graph":[{"@type":"WebPage","@id":"https:\/\/kukkur.ee\/toode\/vurle-kaardihoidja\/","url":"https:\/\/kukkur.ee\/toode\/vurle-kaardihoidja\/","name":"Vurle kaardihoidja - Minimalistlikud disain kaardihoidjad","isPartOf":{"@id":"https:\/\/kukkur.ee\/#website"},"primaryImageOfPage":{"@id":"https:\/\/kukkur.ee\/toode\/vurle-kaardihoidja\/#primaryimage"},"image":{"@id":"https:\/\/kukkur.ee\/toode\/vurle-kaardihoidja\/#primaryimage"},"thumbnailUrl":"https:\/\/kukkur.ee\/wp-content\/uploads\/2019\/07\/vurle-kaardihoidja-pruun.jpg","datePublished":"2019-07-16T10:04:55+00:00","dateModified":"2023-11-24T11:53:15+00:00","breadcrumb":{"@id":"https:\/\/kukkur.ee\/toode\/vurle-kaardihoidja\/#breadcrumb"},"inLanguage":"et","potentialAction":[{"@type":"ReadAction","target":["https:\/\/kukkur.ee\/toode\/vurle-kaardihoidja\/"]}]},{"@type":"ImageObject","inLanguage":"et","@id":"https:\/\/kukkur.ee\/toode\/vurle-kaardihoidja\/#primaryimage","url":"https:\/\/kukkur.ee\/wp-content\/uploads\/2019\/07\/vurle-kaardihoidja-pruun.jpg","contentUrl":"https:\/\/kukkur.ee\/wp-content\/uploads\/2019\/07\/vurle-kaardihoidja-pruun.jpg","width":658,"height":658},{"@type":"BreadcrumbList","@id":"https:\/\/kukkur.ee\/toode\/vurle-kaardihoidja\/#breadcrumb","itemListElement":[{"@type":"ListItem","position":1,"name":"Home","item":"https:\/\/kukkur.ee\/"},{"@type":"ListItem","position":2,"name":"Store","item":"https:\/\/kukkur.ee\/store\/"},{"@type":"ListItem","position":3,"name":"Vurle kaardihoidja"}]},{"@type":"WebSite","@id":"https:\/\/kukkur.ee\/#website","url":"https:\/\/kukkur.ee\/","name":"Minimalistlikud disain kaardihoidjad","description":"Minimalistlikud rahakotid ja kaardihoidjad","publisher":{"@id":"https:\/\/kukkur.ee\/#organization"},"potentialAction":[{"@type":"SearchAction","target":{"@type":"EntryPoint","urlTemplate":"https:\/\/kukkur.ee\/?s={search_term_string}"},"query-input":{"@type":"PropertyValueSpecification","valueRequired":true,"valueName":"search_term_string"}}],"inLanguage":"et"},{"@type":"Organization","@id":"https:\/\/kukkur.ee\/#organization","name":"Minimalistlikud disain kaardihoidjad","url":"https:\/\/kukkur.ee\/","logo":{"@type":"ImageObject","inLanguage":"et","@id":"https:\/\/kukkur.ee\/#\/schema\/logo\/image\/","url":"https:\/\/kukkur.ee\/wp-content\/uploads\/2025\/11\/cropped-Convert-the-Kukkur.e.png","contentUrl":"https:\/\/kukkur.ee\/wp-content\/uploads\/2025\/11\/cropped-Convert-the-Kukkur.e.png","width":1022,"height":502,"caption":"Minimalistlikud disain kaardihoidjad"},"image":{"@id":"https:\/\/kukkur.ee\/#\/schema\/logo\/image\/"}}]}},"jetpack_sharing_enabled":true,"_links":{"self":[{"href":"https:\/\/kukkur.ee\/et\/wp-json\/wp\/v2\/product\/162","targetHints":{"allow":["GET"]}}],"collection":[{"href":"https:\/\/kukkur.ee\/et\/wp-json\/wp\/v2\/product"}],"about":[{"href":"https:\/\/kukkur.ee\/et\/wp-json\/wp\/v2\/types\/product"}],"version-history":[{"count":0,"href":"https:\/\/kukkur.ee\/et\/wp-json\/wp\/v2\/product\/162\/revisions"}],"wp:featuredmedia":[{"embeddable":true,"href":"https:\/\/kukkur.ee\/et\/wp-json\/wp\/v2\/media\/169"}],"wp:attachment":[{"href":"https:\/\/kukkur.ee\/et\/wp-json\/wp\/v2\/media?parent=162"}],"wp:term":[{"taxonomy":"product_brand","embeddable":true,"href":"https:\/\/kukkur.ee\/et\/wp-json\/wp\/v2\/product_brand?post=162"},{"taxonomy":"product_cat","embeddable":true,"href":"https:\/\/kukkur.ee\/et\/wp-json\/wp\/v2\/product_cat?post=162"},{"taxonomy":"product_tag","embeddable":true,"href":"https:\/\/kukkur.ee\/et\/wp-json\/wp\/v2\/product_tag?post=162"}],"curies":[{"name":"wp","href":"https:\/\/api.w.org\/{rel}","templated":true}]}}