{"id":16238,"date":"2020-09-11T15:14:26","date_gmt":"2020-09-11T12:14:26","guid":{"rendered":"https:\/\/kukkur.ee\/?post_type=product&#038;p=16238"},"modified":"2026-03-15T19:09:50","modified_gmt":"2026-03-15T16:09:50","slug":"vurle-sile-kaardihoidja","status":"publish","type":"product","link":"https:\/\/kukkur.ee\/et\/toode\/vurle-sile-kaardihoidja\/","title":{"rendered":"Vurle Sile minimalistlik kaardihoidja"},"content":{"rendered":"<p>Uus kodumaise disainiga keskkonnahoidlikest materjalidest toodetud kaardihoidja Vurle Sile mahutab 4-5 k\u00f5ige olulisemat kaarti igap\u00e4evaseks kasutamiseks. Rohkem pole vajagi, et moodsal ajal m\u00f5nusalt hakkama saada! Lisafunktsiooniks on pudeliavaja, millega saab mugavalt limpsi v\u00f5i muu karastava joogi pudelit avada.<\/p>\n<p>Vurle Sile klamber on toodetud kanepi-, tomati- v\u00f5i umbrohuj\u00e4\u00e4tmetest. Koos p\u00f5hjamaise terasega mahutab ta k\u00f5ige olulisemad kaardid Sinu taskusse.<\/p>\n<p>Vurle Sile terasest osale saab graveerida s\u00f5numi, logo v\u00f5i mis iganes muud soovite. Graveeringuala: 90\u00d760 mm tagak\u00fcljel v\u00f5i 80\u00d750 mm sisek\u00fcljel.<\/p>\n<p>Vurle Sile klamber on toodetud 100% taaskasutatavatest materjalidest. S\u00fcnteetilisi lisandeid, sh. v\u00e4rvilisandeid ei ole kasutatud. S\u00f5ltuvalt klambri toonist on kasutatud, kas t\u00f6\u00f6stusliku kanepi j\u00e4\u00e4tmeid (roheline Vurle Sile), tomatikoori (punane Vurle Sile) v\u00f5i lillede j\u00e4\u00e4tmeid (bee\u017e Vurle Sile). Plastik on toodetud maisit\u00e4rklisest ning vastab Euroopa komposteeritavate materjalide standardile EN13432.<\/p>","protected":false},"excerpt":{"rendered":"<p>Uus kodumaise disainiga kaardihoidja Vurle Sile mahutab 4-5 k\u00f5ige olulisemat kaarti igap\u00e4evaseks kasutamiseks. Rohkem pole vajagi, et moodsal ajal m\u00f5nusalt hakkama saada! Vurle Sile klamber on toodetud kanepi-, tomati- v\u00f5i umbrohuj\u00e4\u00e4tmetest. Koos p\u00f5hjamaise terasega mahutab ta k\u00f5ige olulisemad kaardid Sinu taskusse.<\/p>\n<p>&nbsp;<\/p>\n<p>Lisafunktsiooniks on pudeliavaja, millega saab mugavalt limpsi v\u00f5i muu karastava joogi pudelit avada.<\/p>","protected":false},"featured_media":16337,"template":"","meta":[],"product_brand":[],"product_cat":[18,19,20],"product_tag":[],"class_list":{"0":"post-16238","1":"product","2":"type-product","3":"status-publish","4":"has-post-thumbnail","6":"product_cat-kaardihoidjad","7":"product_cat-meeste-kaardihoidjad","8":"product_cat-naiste-kaardihoidjad","10":"first","11":"instock","12":"featured","13":"taxable","14":"shipping-taxable","15":"purchasable","16":"product-type-variable"},"yoast_head":"<!-- This site is optimized with the Yoast SEO plugin v26.9 - https:\/\/yoast.com\/product\/yoast-seo-wordpress\/ -->\n<title>Vurle Sile minimalistlik kaardihoidja - Minimalistlikud disain kaardihoidjad<\/title>\n<meta name=\"description\" content=\"Vurle Sile on taskus\u00f5bralik kaardihoidja igap\u00e4evaseks kasutamiseks. Sile klamber on 100% taaskasutatavatest materjalidest. Kas pudelihoidjat juba m\u00e4rkasid?\" \/>\n<meta name=\"robots\" content=\"index, follow, max-snippet:-1, max-image-preview:large, max-video-preview:-1\" \/>\n<link rel=\"canonical\" href=\"https:\/\/kukkur.ee\/et\/toode\/vurle-sile-kaardihoidja\/\" \/>\n<meta property=\"og:locale\" content=\"et_EE\" \/>\n<meta property=\"og:type\" content=\"article\" \/>\n<meta property=\"og:title\" content=\"Vurle Sile minimalistlik kaardihoidja - Minimalistlikud disain kaardihoidjad\" \/>\n<meta property=\"og:description\" content=\"Vurle Sile on taskus\u00f5bralik kaardihoidja igap\u00e4evaseks kasutamiseks. Sile klamber on 100% taaskasutatavatest materjalidest. Kas pudelihoidjat juba m\u00e4rkasid?\" \/>\n<meta property=\"og:url\" content=\"https:\/\/kukkur.ee\/et\/toode\/vurle-sile-kaardihoidja\/\" \/>\n<meta property=\"og:site_name\" content=\"Minimalistlikud disain kaardihoidjad\" \/>\n<meta property=\"article:modified_time\" content=\"2026-03-15T16:09:50+00:00\" \/>\n<meta property=\"og:image\" content=\"https:\/\/kukkur.ee\/wp-content\/uploads\/2020\/09\/Elustiilikas_tomat_1-683x1024.png\" \/>\n\t<meta property=\"og:image:width\" content=\"683\" \/>\n\t<meta property=\"og:image:height\" content=\"1024\" \/>\n\t<meta property=\"og:image:type\" content=\"image\/png\" \/>\n<meta name=\"twitter:card\" content=\"summary_large_image\" \/>\n<meta name=\"twitter:label1\" content=\"Est. reading time\" \/>\n\t<meta name=\"twitter:data1\" content=\"1 minut\" \/>\n<script type=\"application\/ld+json\" class=\"yoast-schema-graph\">{\"@context\":\"https:\/\/schema.org\",\"@graph\":[{\"@type\":\"WebPage\",\"@id\":\"https:\/\/kukkur.ee\/toode\/vurle-sile-kaardihoidja\/\",\"url\":\"https:\/\/kukkur.ee\/toode\/vurle-sile-kaardihoidja\/\",\"name\":\"Vurle Sile minimalistlik kaardihoidja - Minimalistlikud disain kaardihoidjad\",\"isPartOf\":{\"@id\":\"https:\/\/kukkur.ee\/#website\"},\"primaryImageOfPage\":{\"@id\":\"https:\/\/kukkur.ee\/toode\/vurle-sile-kaardihoidja\/#primaryimage\"},\"image\":{\"@id\":\"https:\/\/kukkur.ee\/toode\/vurle-sile-kaardihoidja\/#primaryimage\"},\"thumbnailUrl\":\"https:\/\/kukkur.ee\/wp-content\/uploads\/2020\/09\/Elustiilikas_tomat_1.png\",\"datePublished\":\"2020-09-11T12:14:26+00:00\",\"dateModified\":\"2026-03-15T16:09:50+00:00\",\"description\":\"Vurle Sile on taskus\u00f5bralik kaardihoidja igap\u00e4evaseks kasutamiseks. Sile klamber on 100% taaskasutatavatest materjalidest. Kas pudelihoidjat juba m\u00e4rkasid?\",\"breadcrumb\":{\"@id\":\"https:\/\/kukkur.ee\/toode\/vurle-sile-kaardihoidja\/#breadcrumb\"},\"inLanguage\":\"et\",\"potentialAction\":[{\"@type\":\"ReadAction\",\"target\":[\"https:\/\/kukkur.ee\/toode\/vurle-sile-kaardihoidja\/\"]}]},{\"@type\":\"ImageObject\",\"inLanguage\":\"et\",\"@id\":\"https:\/\/kukkur.ee\/toode\/vurle-sile-kaardihoidja\/#primaryimage\",\"url\":\"https:\/\/kukkur.ee\/wp-content\/uploads\/2020\/09\/Elustiilikas_tomat_1.png\",\"contentUrl\":\"https:\/\/kukkur.ee\/wp-content\/uploads\/2020\/09\/Elustiilikas_tomat_1.png\",\"width\":4000,\"height\":6000},{\"@type\":\"BreadcrumbList\",\"@id\":\"https:\/\/kukkur.ee\/toode\/vurle-sile-kaardihoidja\/#breadcrumb\",\"itemListElement\":[{\"@type\":\"ListItem\",\"position\":1,\"name\":\"Home\",\"item\":\"https:\/\/kukkur.ee\/\"},{\"@type\":\"ListItem\",\"position\":2,\"name\":\"Store\",\"item\":\"https:\/\/kukkur.ee\/store\/\"},{\"@type\":\"ListItem\",\"position\":3,\"name\":\"Vurle Sile minimalistlik kaardihoidja\"}]},{\"@type\":\"WebSite\",\"@id\":\"https:\/\/kukkur.ee\/#website\",\"url\":\"https:\/\/kukkur.ee\/\",\"name\":\"Minimalistlikud disain kaardihoidjad\",\"description\":\"Minimalistlikud rahakotid ja kaardihoidjad\",\"publisher\":{\"@id\":\"https:\/\/kukkur.ee\/#organization\"},\"potentialAction\":[{\"@type\":\"SearchAction\",\"target\":{\"@type\":\"EntryPoint\",\"urlTemplate\":\"https:\/\/kukkur.ee\/?s={search_term_string}\"},\"query-input\":{\"@type\":\"PropertyValueSpecification\",\"valueRequired\":true,\"valueName\":\"search_term_string\"}}],\"inLanguage\":\"et\"},{\"@type\":\"Organization\",\"@id\":\"https:\/\/kukkur.ee\/#organization\",\"name\":\"Minimalistlikud disain kaardihoidjad\",\"url\":\"https:\/\/kukkur.ee\/\",\"logo\":{\"@type\":\"ImageObject\",\"inLanguage\":\"et\",\"@id\":\"https:\/\/kukkur.ee\/#\/schema\/logo\/image\/\",\"url\":\"https:\/\/kukkur.ee\/wp-content\/uploads\/2025\/11\/cropped-Convert-the-Kukkur.e.png\",\"contentUrl\":\"https:\/\/kukkur.ee\/wp-content\/uploads\/2025\/11\/cropped-Convert-the-Kukkur.e.png\",\"width\":1022,\"height\":502,\"caption\":\"Minimalistlikud disain kaardihoidjad\"},\"image\":{\"@id\":\"https:\/\/kukkur.ee\/#\/schema\/logo\/image\/\"}}]}<\/script>\n<!-- \/ Yoast SEO plugin. -->","yoast_head_json":{"title":"Vurle Sile minimalistlik kaardihoidja - Minimalistlikud disain kaardihoidjad","description":"Vurle Sile on taskus\u00f5bralik kaardihoidja igap\u00e4evaseks kasutamiseks. Sile klamber on 100% taaskasutatavatest materjalidest. Kas pudelihoidjat juba m\u00e4rkasid?","robots":{"index":"index","follow":"follow","max-snippet":"max-snippet:-1","max-image-preview":"max-image-preview:large","max-video-preview":"max-video-preview:-1"},"canonical":"https:\/\/kukkur.ee\/et\/toode\/vurle-sile-kaardihoidja\/","og_locale":"et_EE","og_type":"article","og_title":"Vurle Sile minimalistlik kaardihoidja - Minimalistlikud disain kaardihoidjad","og_description":"Vurle Sile on taskus\u00f5bralik kaardihoidja igap\u00e4evaseks kasutamiseks. Sile klamber on 100% taaskasutatavatest materjalidest. Kas pudelihoidjat juba m\u00e4rkasid?","og_url":"https:\/\/kukkur.ee\/et\/toode\/vurle-sile-kaardihoidja\/","og_site_name":"Minimalistlikud disain kaardihoidjad","article_modified_time":"2026-03-15T16:09:50+00:00","og_image":[{"width":683,"height":1024,"url":"https:\/\/kukkur.ee\/wp-content\/uploads\/2020\/09\/Elustiilikas_tomat_1-683x1024.png","type":"image\/png"}],"twitter_card":"summary_large_image","twitter_misc":{"Est. reading time":"1 minut"},"schema":{"@context":"https:\/\/schema.org","@graph":[{"@type":"WebPage","@id":"https:\/\/kukkur.ee\/toode\/vurle-sile-kaardihoidja\/","url":"https:\/\/kukkur.ee\/toode\/vurle-sile-kaardihoidja\/","name":"Vurle Sile minimalistlik kaardihoidja - Minimalistlikud disain kaardihoidjad","isPartOf":{"@id":"https:\/\/kukkur.ee\/#website"},"primaryImageOfPage":{"@id":"https:\/\/kukkur.ee\/toode\/vurle-sile-kaardihoidja\/#primaryimage"},"image":{"@id":"https:\/\/kukkur.ee\/toode\/vurle-sile-kaardihoidja\/#primaryimage"},"thumbnailUrl":"https:\/\/kukkur.ee\/wp-content\/uploads\/2020\/09\/Elustiilikas_tomat_1.png","datePublished":"2020-09-11T12:14:26+00:00","dateModified":"2026-03-15T16:09:50+00:00","description":"Vurle Sile on taskus\u00f5bralik kaardihoidja igap\u00e4evaseks kasutamiseks. Sile klamber on 100% taaskasutatavatest materjalidest. Kas pudelihoidjat juba m\u00e4rkasid?","breadcrumb":{"@id":"https:\/\/kukkur.ee\/toode\/vurle-sile-kaardihoidja\/#breadcrumb"},"inLanguage":"et","potentialAction":[{"@type":"ReadAction","target":["https:\/\/kukkur.ee\/toode\/vurle-sile-kaardihoidja\/"]}]},{"@type":"ImageObject","inLanguage":"et","@id":"https:\/\/kukkur.ee\/toode\/vurle-sile-kaardihoidja\/#primaryimage","url":"https:\/\/kukkur.ee\/wp-content\/uploads\/2020\/09\/Elustiilikas_tomat_1.png","contentUrl":"https:\/\/kukkur.ee\/wp-content\/uploads\/2020\/09\/Elustiilikas_tomat_1.png","width":4000,"height":6000},{"@type":"BreadcrumbList","@id":"https:\/\/kukkur.ee\/toode\/vurle-sile-kaardihoidja\/#breadcrumb","itemListElement":[{"@type":"ListItem","position":1,"name":"Home","item":"https:\/\/kukkur.ee\/"},{"@type":"ListItem","position":2,"name":"Store","item":"https:\/\/kukkur.ee\/store\/"},{"@type":"ListItem","position":3,"name":"Vurle Sile minimalistlik kaardihoidja"}]},{"@type":"WebSite","@id":"https:\/\/kukkur.ee\/#website","url":"https:\/\/kukkur.ee\/","name":"Minimalistlikud disain kaardihoidjad","description":"Minimalistlikud rahakotid ja kaardihoidjad","publisher":{"@id":"https:\/\/kukkur.ee\/#organization"},"potentialAction":[{"@type":"SearchAction","target":{"@type":"EntryPoint","urlTemplate":"https:\/\/kukkur.ee\/?s={search_term_string}"},"query-input":{"@type":"PropertyValueSpecification","valueRequired":true,"valueName":"search_term_string"}}],"inLanguage":"et"},{"@type":"Organization","@id":"https:\/\/kukkur.ee\/#organization","name":"Minimalistlikud disain kaardihoidjad","url":"https:\/\/kukkur.ee\/","logo":{"@type":"ImageObject","inLanguage":"et","@id":"https:\/\/kukkur.ee\/#\/schema\/logo\/image\/","url":"https:\/\/kukkur.ee\/wp-content\/uploads\/2025\/11\/cropped-Convert-the-Kukkur.e.png","contentUrl":"https:\/\/kukkur.ee\/wp-content\/uploads\/2025\/11\/cropped-Convert-the-Kukkur.e.png","width":1022,"height":502,"caption":"Minimalistlikud disain kaardihoidjad"},"image":{"@id":"https:\/\/kukkur.ee\/#\/schema\/logo\/image\/"}}]}},"jetpack_sharing_enabled":true,"_links":{"self":[{"href":"https:\/\/kukkur.ee\/et\/wp-json\/wp\/v2\/product\/16238","targetHints":{"allow":["GET"]}}],"collection":[{"href":"https:\/\/kukkur.ee\/et\/wp-json\/wp\/v2\/product"}],"about":[{"href":"https:\/\/kukkur.ee\/et\/wp-json\/wp\/v2\/types\/product"}],"version-history":[{"count":2,"href":"https:\/\/kukkur.ee\/et\/wp-json\/wp\/v2\/product\/16238\/revisions"}],"predecessor-version":[{"id":18243,"href":"https:\/\/kukkur.ee\/et\/wp-json\/wp\/v2\/product\/16238\/revisions\/18243"}],"wp:featuredmedia":[{"embeddable":true,"href":"https:\/\/kukkur.ee\/et\/wp-json\/wp\/v2\/media\/16337"}],"wp:attachment":[{"href":"https:\/\/kukkur.ee\/et\/wp-json\/wp\/v2\/media?parent=16238"}],"wp:term":[{"taxonomy":"product_brand","embeddable":true,"href":"https:\/\/kukkur.ee\/et\/wp-json\/wp\/v2\/product_brand?post=16238"},{"taxonomy":"product_cat","embeddable":true,"href":"https:\/\/kukkur.ee\/et\/wp-json\/wp\/v2\/product_cat?post=16238"},{"taxonomy":"product_tag","embeddable":true,"href":"https:\/\/kukkur.ee\/et\/wp-json\/wp\/v2\/product_tag?post=16238"}],"curies":[{"name":"wp","href":"https:\/\/api.w.org\/{rel}","templated":true}]}}