{"id":17126,"date":"2022-07-15T11:34:57","date_gmt":"2022-07-15T08:34:57","guid":{"rendered":"https:\/\/kukkur.ee\/?post_type=product&#038;p=17126"},"modified":"2026-03-15T19:08:22","modified_gmt":"2026-03-15T16:08:22","slug":"ogon-slider","status":"publish","type":"product","link":"https:\/\/kukkur.ee\/et\/toode\/ogon-slider\/","title":{"rendered":"\u00d6gon Slider minimalistlik kaardihoidja"},"content":{"rendered":"","protected":false},"excerpt":{"rendered":"<p>\u00d6gon slider on Prantsusmaal valmistatud kvaliteetkaardihoidja kasutajale, kes hindab funktsionalistlikku disaini. Kaardihoidja m\u00f5\u00f5tmed on \u00e4\u00e4rmiselt kompaktsed.<\/p>\n<p style=\"text-align: left;\">V\u00e4ga mugav ja kasutajas\u00f5bralik kaardihoidja. Kaardid k\u00e4tte \u00fche lihtsa liigutusega.<\/p>\n<p style=\"text-align: left;\">Valmistatud kvaliteetsest ja kergest alumiinimust ning roostevabast terasest. Alumiiniumkest kaitseb andmevarguste eest.<\/p>","protected":false},"featured_media":17128,"template":"","meta":[],"product_brand":[],"product_cat":[18,19,20],"product_tag":[],"class_list":{"0":"post-17126","1":"product","2":"type-product","3":"status-publish","4":"has-post-thumbnail","6":"product_cat-kaardihoidjad","7":"product_cat-meeste-kaardihoidjad","8":"product_cat-naiste-kaardihoidjad","10":"first","11":"instock","12":"taxable","13":"shipping-taxable","14":"purchasable","15":"product-type-variable"},"yoast_head":"<!-- This site is optimized with the Yoast SEO plugin v26.9 - https:\/\/yoast.com\/product\/yoast-seo-wordpress\/ -->\n<title>\u00d6gon Slider minimalistlik kaardihoidja - Minimalistlikud disain kaardihoidjad<\/title>\n<meta name=\"robots\" content=\"index, follow, max-snippet:-1, max-image-preview:large, max-video-preview:-1\" \/>\n<link rel=\"canonical\" href=\"https:\/\/kukkur.ee\/et\/toode\/ogon-slider\/\" \/>\n<meta property=\"og:locale\" content=\"et_EE\" \/>\n<meta property=\"og:type\" content=\"article\" \/>\n<meta property=\"og:title\" content=\"\u00d6gon Slider minimalistlik kaardihoidja - Minimalistlikud disain kaardihoidjad\" \/>\n<meta property=\"og:description\" content=\"\u00d6gon slider on Prantsusmaal valmistatud kvaliteetkaardihoidja kasutajale, kes hindab funktsionalistlikku disaini. Kaardihoidja m\u00f5\u00f5tmed on \u00e4\u00e4rmiselt kompaktsed. V\u00e4ga mugav ja kasutajas\u00f5bralik kaardihoidja. Kaardid k\u00e4tte \u00fche lihtsa liigutusega. Valmistatud kvaliteetsest ja kergest alumiinimust ning roostevabast terasest. Alumiiniumkest kaitseb andmevarguste eest.\" \/>\n<meta property=\"og:url\" content=\"https:\/\/kukkur.ee\/et\/toode\/ogon-slider\/\" \/>\n<meta property=\"og:site_name\" content=\"Minimalistlikud disain kaardihoidjad\" \/>\n<meta property=\"article:modified_time\" content=\"2026-03-15T16:08:22+00:00\" \/>\n<meta property=\"og:image\" content=\"https:\/\/kukkur.ee\/wp-content\/uploads\/2022\/07\/card-case-slider-sequoia-360-5418-1020x760-1.jpg\" \/>\n\t<meta property=\"og:image:width\" content=\"1020\" \/>\n\t<meta property=\"og:image:height\" content=\"760\" \/>\n\t<meta property=\"og:image:type\" content=\"image\/jpeg\" \/>\n<meta name=\"twitter:card\" content=\"summary_large_image\" \/>\n<script type=\"application\/ld+json\" class=\"yoast-schema-graph\">{\"@context\":\"https:\/\/schema.org\",\"@graph\":[{\"@type\":\"WebPage\",\"@id\":\"https:\/\/kukkur.ee\/toode\/ogon-slider\/\",\"url\":\"https:\/\/kukkur.ee\/toode\/ogon-slider\/\",\"name\":\"\u00d6gon Slider minimalistlik kaardihoidja - Minimalistlikud disain kaardihoidjad\",\"isPartOf\":{\"@id\":\"https:\/\/kukkur.ee\/#website\"},\"primaryImageOfPage\":{\"@id\":\"https:\/\/kukkur.ee\/toode\/ogon-slider\/#primaryimage\"},\"image\":{\"@id\":\"https:\/\/kukkur.ee\/toode\/ogon-slider\/#primaryimage\"},\"thumbnailUrl\":\"https:\/\/kukkur.ee\/wp-content\/uploads\/2022\/07\/card-case-slider-sequoia-360-5418-1020x760-1.jpg\",\"datePublished\":\"2022-07-15T08:34:57+00:00\",\"dateModified\":\"2026-03-15T16:08:22+00:00\",\"breadcrumb\":{\"@id\":\"https:\/\/kukkur.ee\/toode\/ogon-slider\/#breadcrumb\"},\"inLanguage\":\"et\",\"potentialAction\":[{\"@type\":\"ReadAction\",\"target\":[\"https:\/\/kukkur.ee\/toode\/ogon-slider\/\"]}]},{\"@type\":\"ImageObject\",\"inLanguage\":\"et\",\"@id\":\"https:\/\/kukkur.ee\/toode\/ogon-slider\/#primaryimage\",\"url\":\"https:\/\/kukkur.ee\/wp-content\/uploads\/2022\/07\/card-case-slider-sequoia-360-5418-1020x760-1.jpg\",\"contentUrl\":\"https:\/\/kukkur.ee\/wp-content\/uploads\/2022\/07\/card-case-slider-sequoia-360-5418-1020x760-1.jpg\",\"width\":1020,\"height\":760},{\"@type\":\"BreadcrumbList\",\"@id\":\"https:\/\/kukkur.ee\/toode\/ogon-slider\/#breadcrumb\",\"itemListElement\":[{\"@type\":\"ListItem\",\"position\":1,\"name\":\"Home\",\"item\":\"https:\/\/kukkur.ee\/\"},{\"@type\":\"ListItem\",\"position\":2,\"name\":\"Store\",\"item\":\"https:\/\/kukkur.ee\/store\/\"},{\"@type\":\"ListItem\",\"position\":3,\"name\":\"\u00d6gon Slider minimalistlik kaardihoidja\"}]},{\"@type\":\"WebSite\",\"@id\":\"https:\/\/kukkur.ee\/#website\",\"url\":\"https:\/\/kukkur.ee\/\",\"name\":\"Minimalistlikud disain kaardihoidjad\",\"description\":\"Minimalistlikud rahakotid ja kaardihoidjad\",\"publisher\":{\"@id\":\"https:\/\/kukkur.ee\/#organization\"},\"potentialAction\":[{\"@type\":\"SearchAction\",\"target\":{\"@type\":\"EntryPoint\",\"urlTemplate\":\"https:\/\/kukkur.ee\/?s={search_term_string}\"},\"query-input\":{\"@type\":\"PropertyValueSpecification\",\"valueRequired\":true,\"valueName\":\"search_term_string\"}}],\"inLanguage\":\"et\"},{\"@type\":\"Organization\",\"@id\":\"https:\/\/kukkur.ee\/#organization\",\"name\":\"Minimalistlikud disain kaardihoidjad\",\"url\":\"https:\/\/kukkur.ee\/\",\"logo\":{\"@type\":\"ImageObject\",\"inLanguage\":\"et\",\"@id\":\"https:\/\/kukkur.ee\/#\/schema\/logo\/image\/\",\"url\":\"https:\/\/kukkur.ee\/wp-content\/uploads\/2025\/11\/cropped-Convert-the-Kukkur.e.png\",\"contentUrl\":\"https:\/\/kukkur.ee\/wp-content\/uploads\/2025\/11\/cropped-Convert-the-Kukkur.e.png\",\"width\":1022,\"height\":502,\"caption\":\"Minimalistlikud disain kaardihoidjad\"},\"image\":{\"@id\":\"https:\/\/kukkur.ee\/#\/schema\/logo\/image\/\"}}]}<\/script>\n<!-- \/ Yoast SEO plugin. -->","yoast_head_json":{"title":"\u00d6gon Slider minimalistlik kaardihoidja - Minimalistlikud disain kaardihoidjad","robots":{"index":"index","follow":"follow","max-snippet":"max-snippet:-1","max-image-preview":"max-image-preview:large","max-video-preview":"max-video-preview:-1"},"canonical":"https:\/\/kukkur.ee\/et\/toode\/ogon-slider\/","og_locale":"et_EE","og_type":"article","og_title":"\u00d6gon Slider minimalistlik kaardihoidja - Minimalistlikud disain kaardihoidjad","og_description":"\u00d6gon slider on Prantsusmaal valmistatud kvaliteetkaardihoidja kasutajale, kes hindab funktsionalistlikku disaini. Kaardihoidja m\u00f5\u00f5tmed on \u00e4\u00e4rmiselt kompaktsed. V\u00e4ga mugav ja kasutajas\u00f5bralik kaardihoidja. Kaardid k\u00e4tte \u00fche lihtsa liigutusega. Valmistatud kvaliteetsest ja kergest alumiinimust ning roostevabast terasest. Alumiiniumkest kaitseb andmevarguste eest.","og_url":"https:\/\/kukkur.ee\/et\/toode\/ogon-slider\/","og_site_name":"Minimalistlikud disain kaardihoidjad","article_modified_time":"2026-03-15T16:08:22+00:00","og_image":[{"width":1020,"height":760,"url":"https:\/\/kukkur.ee\/wp-content\/uploads\/2022\/07\/card-case-slider-sequoia-360-5418-1020x760-1.jpg","type":"image\/jpeg"}],"twitter_card":"summary_large_image","schema":{"@context":"https:\/\/schema.org","@graph":[{"@type":"WebPage","@id":"https:\/\/kukkur.ee\/toode\/ogon-slider\/","url":"https:\/\/kukkur.ee\/toode\/ogon-slider\/","name":"\u00d6gon Slider minimalistlik kaardihoidja - Minimalistlikud disain kaardihoidjad","isPartOf":{"@id":"https:\/\/kukkur.ee\/#website"},"primaryImageOfPage":{"@id":"https:\/\/kukkur.ee\/toode\/ogon-slider\/#primaryimage"},"image":{"@id":"https:\/\/kukkur.ee\/toode\/ogon-slider\/#primaryimage"},"thumbnailUrl":"https:\/\/kukkur.ee\/wp-content\/uploads\/2022\/07\/card-case-slider-sequoia-360-5418-1020x760-1.jpg","datePublished":"2022-07-15T08:34:57+00:00","dateModified":"2026-03-15T16:08:22+00:00","breadcrumb":{"@id":"https:\/\/kukkur.ee\/toode\/ogon-slider\/#breadcrumb"},"inLanguage":"et","potentialAction":[{"@type":"ReadAction","target":["https:\/\/kukkur.ee\/toode\/ogon-slider\/"]}]},{"@type":"ImageObject","inLanguage":"et","@id":"https:\/\/kukkur.ee\/toode\/ogon-slider\/#primaryimage","url":"https:\/\/kukkur.ee\/wp-content\/uploads\/2022\/07\/card-case-slider-sequoia-360-5418-1020x760-1.jpg","contentUrl":"https:\/\/kukkur.ee\/wp-content\/uploads\/2022\/07\/card-case-slider-sequoia-360-5418-1020x760-1.jpg","width":1020,"height":760},{"@type":"BreadcrumbList","@id":"https:\/\/kukkur.ee\/toode\/ogon-slider\/#breadcrumb","itemListElement":[{"@type":"ListItem","position":1,"name":"Home","item":"https:\/\/kukkur.ee\/"},{"@type":"ListItem","position":2,"name":"Store","item":"https:\/\/kukkur.ee\/store\/"},{"@type":"ListItem","position":3,"name":"\u00d6gon Slider minimalistlik kaardihoidja"}]},{"@type":"WebSite","@id":"https:\/\/kukkur.ee\/#website","url":"https:\/\/kukkur.ee\/","name":"Minimalistlikud disain kaardihoidjad","description":"Minimalistlikud rahakotid ja kaardihoidjad","publisher":{"@id":"https:\/\/kukkur.ee\/#organization"},"potentialAction":[{"@type":"SearchAction","target":{"@type":"EntryPoint","urlTemplate":"https:\/\/kukkur.ee\/?s={search_term_string}"},"query-input":{"@type":"PropertyValueSpecification","valueRequired":true,"valueName":"search_term_string"}}],"inLanguage":"et"},{"@type":"Organization","@id":"https:\/\/kukkur.ee\/#organization","name":"Minimalistlikud disain kaardihoidjad","url":"https:\/\/kukkur.ee\/","logo":{"@type":"ImageObject","inLanguage":"et","@id":"https:\/\/kukkur.ee\/#\/schema\/logo\/image\/","url":"https:\/\/kukkur.ee\/wp-content\/uploads\/2025\/11\/cropped-Convert-the-Kukkur.e.png","contentUrl":"https:\/\/kukkur.ee\/wp-content\/uploads\/2025\/11\/cropped-Convert-the-Kukkur.e.png","width":1022,"height":502,"caption":"Minimalistlikud disain kaardihoidjad"},"image":{"@id":"https:\/\/kukkur.ee\/#\/schema\/logo\/image\/"}}]}},"jetpack_sharing_enabled":true,"_links":{"self":[{"href":"https:\/\/kukkur.ee\/et\/wp-json\/wp\/v2\/product\/17126","targetHints":{"allow":["GET"]}}],"collection":[{"href":"https:\/\/kukkur.ee\/et\/wp-json\/wp\/v2\/product"}],"about":[{"href":"https:\/\/kukkur.ee\/et\/wp-json\/wp\/v2\/types\/product"}],"version-history":[{"count":2,"href":"https:\/\/kukkur.ee\/et\/wp-json\/wp\/v2\/product\/17126\/revisions"}],"predecessor-version":[{"id":18237,"href":"https:\/\/kukkur.ee\/et\/wp-json\/wp\/v2\/product\/17126\/revisions\/18237"}],"wp:featuredmedia":[{"embeddable":true,"href":"https:\/\/kukkur.ee\/et\/wp-json\/wp\/v2\/media\/17128"}],"wp:attachment":[{"href":"https:\/\/kukkur.ee\/et\/wp-json\/wp\/v2\/media?parent=17126"}],"wp:term":[{"taxonomy":"product_brand","embeddable":true,"href":"https:\/\/kukkur.ee\/et\/wp-json\/wp\/v2\/product_brand?post=17126"},{"taxonomy":"product_cat","embeddable":true,"href":"https:\/\/kukkur.ee\/et\/wp-json\/wp\/v2\/product_cat?post=17126"},{"taxonomy":"product_tag","embeddable":true,"href":"https:\/\/kukkur.ee\/et\/wp-json\/wp\/v2\/product_tag?post=17126"}],"curies":[{"name":"wp","href":"https:\/\/api.w.org\/{rel}","templated":true}]}}