{"id":235,"date":"2019-07-16T19:20:08","date_gmt":"2019-07-16T16:20:08","guid":{"rendered":"http:\/\/kukkur.ee\/?post_type=product&#038;p=235"},"modified":"2025-11-26T21:06:11","modified_gmt":"2025-11-26T18:06:11","slug":"stockholm-v1-carbon-kaardihoidja","status":"publish","type":"product","link":"https:\/\/kukkur.ee\/et\/toode\/stockholm-v1-carbon-kaardihoidja\/","title":{"rendered":"Stockholm V1 Carbon kaardihoidja"},"content":{"rendered":"","protected":false},"excerpt":{"rendered":"<p>Stockholm Carbon edition kaardihoidja on moodne klassika ja Kukkur.ee klientide lemmik. Stockholm Carbon on kindel valik k\u00f5igile, kes hindavad kaasaegset ja vastupidavat kaardihoidjat.<\/p>\n<p>Tugev ja kena kest hoiab su v\u00e4\u00e4rtasjad v\u00e4lismaailma eest kaitstuna. Murdmatust plastist sahtlid hoiavad su kaardid ja sularaha kaitstuna.<\/p>\n<p>&nbsp;<\/p>","protected":false},"featured_media":236,"template":"","meta":[],"product_brand":[],"product_cat":[18,19,20],"product_tag":[],"class_list":{"0":"post-235","1":"product","2":"type-product","3":"status-publish","4":"has-post-thumbnail","6":"product_cat-kaardihoidjad","7":"product_cat-meeste-kaardihoidjad","8":"product_cat-naiste-kaardihoidjad","10":"first","11":"instock","12":"taxable","13":"shipping-taxable","14":"purchasable","15":"product-type-simple"},"yoast_head":"<!-- This site is optimized with the Yoast SEO plugin v26.9 - https:\/\/yoast.com\/product\/yoast-seo-wordpress\/ -->\n<title>Stockholm V1 Carbon kaardihoidja - Minimalistlikud disain kaardihoidjad<\/title>\n<meta name=\"robots\" content=\"index, follow, max-snippet:-1, max-image-preview:large, max-video-preview:-1\" \/>\n<link rel=\"canonical\" href=\"https:\/\/kukkur.ee\/et\/toode\/stockholm-v1-carbon-kaardihoidja\/\" \/>\n<meta property=\"og:locale\" content=\"et_EE\" \/>\n<meta property=\"og:type\" content=\"article\" \/>\n<meta property=\"og:title\" content=\"Stockholm V1 Carbon kaardihoidja - Minimalistlikud disain kaardihoidjad\" \/>\n<meta property=\"og:description\" content=\"Stockholm Carbon edition kaardihoidja on moodne klassika ja Kukkur.ee klientide lemmik. Stockholm Carbon on kindel valik k\u00f5igile, kes hindavad kaasaegset ja vastupidavat kaardihoidjat.  Tugev ja kena kest hoiab su v\u00e4\u00e4rtasjad v\u00e4lismaailma eest kaitstuna. Murdmatust plastist sahtlid hoiavad su kaardid ja sularaha kaitstuna.  &nbsp;\" \/>\n<meta property=\"og:url\" content=\"https:\/\/kukkur.ee\/et\/toode\/stockholm-v1-carbon-kaardihoidja\/\" \/>\n<meta property=\"og:site_name\" content=\"Minimalistlikud disain kaardihoidjad\" \/>\n<meta property=\"article:modified_time\" content=\"2025-11-26T18:06:11+00:00\" \/>\n<meta property=\"og:image\" content=\"https:\/\/kukkur.ee\/wp-content\/uploads\/2019\/07\/stockholm-card-case-carbon-printed-50-2354-1020x760.jpg\" \/>\n\t<meta property=\"og:image:width\" content=\"1020\" \/>\n\t<meta property=\"og:image:height\" content=\"760\" \/>\n\t<meta property=\"og:image:type\" content=\"image\/jpeg\" \/>\n<meta name=\"twitter:card\" content=\"summary_large_image\" \/>\n<script type=\"application\/ld+json\" class=\"yoast-schema-graph\">{\"@context\":\"https:\/\/schema.org\",\"@graph\":[{\"@type\":\"WebPage\",\"@id\":\"https:\/\/kukkur.ee\/toode\/stockholm-v1-carbon-kaardihoidja\/\",\"url\":\"https:\/\/kukkur.ee\/toode\/stockholm-v1-carbon-kaardihoidja\/\",\"name\":\"Stockholm V1 Carbon kaardihoidja - Minimalistlikud disain kaardihoidjad\",\"isPartOf\":{\"@id\":\"https:\/\/kukkur.ee\/#website\"},\"primaryImageOfPage\":{\"@id\":\"https:\/\/kukkur.ee\/toode\/stockholm-v1-carbon-kaardihoidja\/#primaryimage\"},\"image\":{\"@id\":\"https:\/\/kukkur.ee\/toode\/stockholm-v1-carbon-kaardihoidja\/#primaryimage\"},\"thumbnailUrl\":\"https:\/\/kukkur.ee\/wp-content\/uploads\/2019\/07\/stockholm-card-case-carbon-printed-50-2354-1020x760.jpg\",\"datePublished\":\"2019-07-16T16:20:08+00:00\",\"dateModified\":\"2025-11-26T18:06:11+00:00\",\"breadcrumb\":{\"@id\":\"https:\/\/kukkur.ee\/toode\/stockholm-v1-carbon-kaardihoidja\/#breadcrumb\"},\"inLanguage\":\"et\",\"potentialAction\":[{\"@type\":\"ReadAction\",\"target\":[\"https:\/\/kukkur.ee\/toode\/stockholm-v1-carbon-kaardihoidja\/\"]}]},{\"@type\":\"ImageObject\",\"inLanguage\":\"et\",\"@id\":\"https:\/\/kukkur.ee\/toode\/stockholm-v1-carbon-kaardihoidja\/#primaryimage\",\"url\":\"https:\/\/kukkur.ee\/wp-content\/uploads\/2019\/07\/stockholm-card-case-carbon-printed-50-2354-1020x760.jpg\",\"contentUrl\":\"https:\/\/kukkur.ee\/wp-content\/uploads\/2019\/07\/stockholm-card-case-carbon-printed-50-2354-1020x760.jpg\",\"width\":1020,\"height\":760},{\"@type\":\"BreadcrumbList\",\"@id\":\"https:\/\/kukkur.ee\/toode\/stockholm-v1-carbon-kaardihoidja\/#breadcrumb\",\"itemListElement\":[{\"@type\":\"ListItem\",\"position\":1,\"name\":\"Home\",\"item\":\"https:\/\/kukkur.ee\/\"},{\"@type\":\"ListItem\",\"position\":2,\"name\":\"Store\",\"item\":\"https:\/\/kukkur.ee\/store\/\"},{\"@type\":\"ListItem\",\"position\":3,\"name\":\"Stockholm V1 Carbon kaardihoidja\"}]},{\"@type\":\"WebSite\",\"@id\":\"https:\/\/kukkur.ee\/#website\",\"url\":\"https:\/\/kukkur.ee\/\",\"name\":\"Minimalistlikud disain kaardihoidjad\",\"description\":\"Minimalistlikud rahakotid ja kaardihoidjad\",\"publisher\":{\"@id\":\"https:\/\/kukkur.ee\/#organization\"},\"potentialAction\":[{\"@type\":\"SearchAction\",\"target\":{\"@type\":\"EntryPoint\",\"urlTemplate\":\"https:\/\/kukkur.ee\/?s={search_term_string}\"},\"query-input\":{\"@type\":\"PropertyValueSpecification\",\"valueRequired\":true,\"valueName\":\"search_term_string\"}}],\"inLanguage\":\"et\"},{\"@type\":\"Organization\",\"@id\":\"https:\/\/kukkur.ee\/#organization\",\"name\":\"Minimalistlikud disain kaardihoidjad\",\"url\":\"https:\/\/kukkur.ee\/\",\"logo\":{\"@type\":\"ImageObject\",\"inLanguage\":\"et\",\"@id\":\"https:\/\/kukkur.ee\/#\/schema\/logo\/image\/\",\"url\":\"https:\/\/kukkur.ee\/wp-content\/uploads\/2025\/11\/cropped-Convert-the-Kukkur.e.png\",\"contentUrl\":\"https:\/\/kukkur.ee\/wp-content\/uploads\/2025\/11\/cropped-Convert-the-Kukkur.e.png\",\"width\":1022,\"height\":502,\"caption\":\"Minimalistlikud disain kaardihoidjad\"},\"image\":{\"@id\":\"https:\/\/kukkur.ee\/#\/schema\/logo\/image\/\"}}]}<\/script>\n<!-- \/ Yoast SEO plugin. -->","yoast_head_json":{"title":"Stockholm V1 Carbon kaardihoidja - Minimalistlikud disain kaardihoidjad","robots":{"index":"index","follow":"follow","max-snippet":"max-snippet:-1","max-image-preview":"max-image-preview:large","max-video-preview":"max-video-preview:-1"},"canonical":"https:\/\/kukkur.ee\/et\/toode\/stockholm-v1-carbon-kaardihoidja\/","og_locale":"et_EE","og_type":"article","og_title":"Stockholm V1 Carbon kaardihoidja - Minimalistlikud disain kaardihoidjad","og_description":"Stockholm Carbon edition kaardihoidja on moodne klassika ja Kukkur.ee klientide lemmik. Stockholm Carbon on kindel valik k\u00f5igile, kes hindavad kaasaegset ja vastupidavat kaardihoidjat.  Tugev ja kena kest hoiab su v\u00e4\u00e4rtasjad v\u00e4lismaailma eest kaitstuna. Murdmatust plastist sahtlid hoiavad su kaardid ja sularaha kaitstuna.  &nbsp;","og_url":"https:\/\/kukkur.ee\/et\/toode\/stockholm-v1-carbon-kaardihoidja\/","og_site_name":"Minimalistlikud disain kaardihoidjad","article_modified_time":"2025-11-26T18:06:11+00:00","og_image":[{"width":1020,"height":760,"url":"https:\/\/kukkur.ee\/wp-content\/uploads\/2019\/07\/stockholm-card-case-carbon-printed-50-2354-1020x760.jpg","type":"image\/jpeg"}],"twitter_card":"summary_large_image","schema":{"@context":"https:\/\/schema.org","@graph":[{"@type":"WebPage","@id":"https:\/\/kukkur.ee\/toode\/stockholm-v1-carbon-kaardihoidja\/","url":"https:\/\/kukkur.ee\/toode\/stockholm-v1-carbon-kaardihoidja\/","name":"Stockholm V1 Carbon kaardihoidja - Minimalistlikud disain kaardihoidjad","isPartOf":{"@id":"https:\/\/kukkur.ee\/#website"},"primaryImageOfPage":{"@id":"https:\/\/kukkur.ee\/toode\/stockholm-v1-carbon-kaardihoidja\/#primaryimage"},"image":{"@id":"https:\/\/kukkur.ee\/toode\/stockholm-v1-carbon-kaardihoidja\/#primaryimage"},"thumbnailUrl":"https:\/\/kukkur.ee\/wp-content\/uploads\/2019\/07\/stockholm-card-case-carbon-printed-50-2354-1020x760.jpg","datePublished":"2019-07-16T16:20:08+00:00","dateModified":"2025-11-26T18:06:11+00:00","breadcrumb":{"@id":"https:\/\/kukkur.ee\/toode\/stockholm-v1-carbon-kaardihoidja\/#breadcrumb"},"inLanguage":"et","potentialAction":[{"@type":"ReadAction","target":["https:\/\/kukkur.ee\/toode\/stockholm-v1-carbon-kaardihoidja\/"]}]},{"@type":"ImageObject","inLanguage":"et","@id":"https:\/\/kukkur.ee\/toode\/stockholm-v1-carbon-kaardihoidja\/#primaryimage","url":"https:\/\/kukkur.ee\/wp-content\/uploads\/2019\/07\/stockholm-card-case-carbon-printed-50-2354-1020x760.jpg","contentUrl":"https:\/\/kukkur.ee\/wp-content\/uploads\/2019\/07\/stockholm-card-case-carbon-printed-50-2354-1020x760.jpg","width":1020,"height":760},{"@type":"BreadcrumbList","@id":"https:\/\/kukkur.ee\/toode\/stockholm-v1-carbon-kaardihoidja\/#breadcrumb","itemListElement":[{"@type":"ListItem","position":1,"name":"Home","item":"https:\/\/kukkur.ee\/"},{"@type":"ListItem","position":2,"name":"Store","item":"https:\/\/kukkur.ee\/store\/"},{"@type":"ListItem","position":3,"name":"Stockholm V1 Carbon kaardihoidja"}]},{"@type":"WebSite","@id":"https:\/\/kukkur.ee\/#website","url":"https:\/\/kukkur.ee\/","name":"Minimalistlikud disain kaardihoidjad","description":"Minimalistlikud rahakotid ja kaardihoidjad","publisher":{"@id":"https:\/\/kukkur.ee\/#organization"},"potentialAction":[{"@type":"SearchAction","target":{"@type":"EntryPoint","urlTemplate":"https:\/\/kukkur.ee\/?s={search_term_string}"},"query-input":{"@type":"PropertyValueSpecification","valueRequired":true,"valueName":"search_term_string"}}],"inLanguage":"et"},{"@type":"Organization","@id":"https:\/\/kukkur.ee\/#organization","name":"Minimalistlikud disain kaardihoidjad","url":"https:\/\/kukkur.ee\/","logo":{"@type":"ImageObject","inLanguage":"et","@id":"https:\/\/kukkur.ee\/#\/schema\/logo\/image\/","url":"https:\/\/kukkur.ee\/wp-content\/uploads\/2025\/11\/cropped-Convert-the-Kukkur.e.png","contentUrl":"https:\/\/kukkur.ee\/wp-content\/uploads\/2025\/11\/cropped-Convert-the-Kukkur.e.png","width":1022,"height":502,"caption":"Minimalistlikud disain kaardihoidjad"},"image":{"@id":"https:\/\/kukkur.ee\/#\/schema\/logo\/image\/"}}]}},"jetpack_sharing_enabled":true,"_links":{"self":[{"href":"https:\/\/kukkur.ee\/et\/wp-json\/wp\/v2\/product\/235","targetHints":{"allow":["GET"]}}],"collection":[{"href":"https:\/\/kukkur.ee\/et\/wp-json\/wp\/v2\/product"}],"about":[{"href":"https:\/\/kukkur.ee\/et\/wp-json\/wp\/v2\/types\/product"}],"version-history":[{"count":0,"href":"https:\/\/kukkur.ee\/et\/wp-json\/wp\/v2\/product\/235\/revisions"}],"wp:featuredmedia":[{"embeddable":true,"href":"https:\/\/kukkur.ee\/et\/wp-json\/wp\/v2\/media\/236"}],"wp:attachment":[{"href":"https:\/\/kukkur.ee\/et\/wp-json\/wp\/v2\/media?parent=235"}],"wp:term":[{"taxonomy":"product_brand","embeddable":true,"href":"https:\/\/kukkur.ee\/et\/wp-json\/wp\/v2\/product_brand?post=235"},{"taxonomy":"product_cat","embeddable":true,"href":"https:\/\/kukkur.ee\/et\/wp-json\/wp\/v2\/product_cat?post=235"},{"taxonomy":"product_tag","embeddable":true,"href":"https:\/\/kukkur.ee\/et\/wp-json\/wp\/v2\/product_tag?post=235"}],"curies":[{"name":"wp","href":"https:\/\/api.w.org\/{rel}","templated":true}]}}