{"id":239,"date":"2019-07-16T19:27:33","date_gmt":"2019-07-16T19:27:33","guid":{"rendered":"http:\/\/kukkur.ee\/?post_type=product&#038;p=239"},"modified":"2026-01-07T15:16:44","modified_gmt":"2026-01-07T12:16:44","slug":"code-wallet","status":"publish","type":"product","link":"https:\/\/kukkur.ee\/et\/toode\/code-wallet\/","title":{"rendered":"Code Wallet kaardihoidja"},"content":{"rendered":"<p>Code Wallet kaardihoidja on kindel valik k\u00f5igile, kelle tasku peab olema kui kindlus &#8211; ligip\u00e4\u00e4setav vaid sulle. Lihtne ja efektiivne numbrilukk hoiab su v\u00e4\u00e4rtasjad v\u00e4lismaailma eest kaitstuna. Murdmatust plastist sahtlid hoiavad su kaardid ja sularaha alati korrektsena.<\/p>\n<p>Code Wallet on vastupidav miniseif mehele, kes tahab oma raha-asjad korras ja kaitstuna hoida.<\/p>","protected":false},"excerpt":{"rendered":"<p>Code Wallet kaardihoidja on kindel valik k\u00f5igile, kelle tasku peab olema kui kindlus &#8211; ligip\u00e4\u00e4setav vaid sulle. Lihtne ja efektiivne numbrilukk hoiab su v\u00e4\u00e4rtasjad v\u00e4lismaailma eest kaitstuna. Murdmatust plastist sahtlid hoiavad su kaardid ja sularaha alati korrektsena. Code Wallet on vastupidav miniseif mehele, kes tahab oma raha-asjad korras ja kaitstuna hoida.<\/p>","protected":false},"featured_media":243,"template":"","meta":[],"product_brand":[],"product_cat":[18,19],"product_tag":[],"class_list":{"0":"post-239","1":"product","2":"type-product","3":"status-publish","4":"has-post-thumbnail","6":"product_cat-kaardihoidjad","7":"product_cat-meeste-kaardihoidjad","9":"first","10":"outofstock","11":"taxable","12":"shipping-taxable","13":"purchasable","14":"product-type-variable"},"yoast_head":"<!-- This site is optimized with the Yoast SEO plugin v26.9 - https:\/\/yoast.com\/product\/yoast-seo-wordpress\/ -->\n<title>Code Wallet kaardihoidja - Minimalistlikud disain kaardihoidjad<\/title>\n<meta name=\"robots\" content=\"index, follow, max-snippet:-1, max-image-preview:large, max-video-preview:-1\" \/>\n<link rel=\"canonical\" href=\"https:\/\/kukkur.ee\/et\/toode\/code-wallet\/\" \/>\n<meta property=\"og:locale\" content=\"et_EE\" \/>\n<meta property=\"og:type\" content=\"article\" \/>\n<meta property=\"og:title\" content=\"Code Wallet kaardihoidja - Minimalistlikud disain kaardihoidjad\" \/>\n<meta property=\"og:description\" content=\"Code Wallet kaardihoidja on kindel valik k\u00f5igile, kelle tasku peab olema kui kindlus &#8211; ligip\u00e4\u00e4setav vaid sulle. Lihtne ja efektiivne numbrilukk hoiab su v\u00e4\u00e4rtasjad v\u00e4lismaailma eest kaitstuna. Murdmatust plastist sahtlid hoiavad su kaardid ja sularaha alati korrektsena. Code Wallet on vastupidav miniseif mehele, kes tahab oma raha-asjad korras ja kaitstuna hoida.\" \/>\n<meta property=\"og:url\" content=\"https:\/\/kukkur.ee\/et\/toode\/code-wallet\/\" \/>\n<meta property=\"og:site_name\" content=\"Minimalistlikud disain kaardihoidjad\" \/>\n<meta property=\"article:modified_time\" content=\"2026-01-07T12:16:44+00:00\" \/>\n<meta property=\"og:image\" content=\"https:\/\/kukkur.ee\/wp-content\/uploads\/2019\/07\/code-wallet-code-locking-black-150-2612-1020x760.jpg\" \/>\n\t<meta property=\"og:image:width\" content=\"1020\" \/>\n\t<meta property=\"og:image:height\" content=\"760\" \/>\n\t<meta property=\"og:image:type\" content=\"image\/jpeg\" \/>\n<meta name=\"twitter:card\" content=\"summary_large_image\" \/>\n<script type=\"application\/ld+json\" class=\"yoast-schema-graph\">{\"@context\":\"https:\/\/schema.org\",\"@graph\":[{\"@type\":\"WebPage\",\"@id\":\"https:\/\/kukkur.ee\/toode\/code-wallet\/\",\"url\":\"https:\/\/kukkur.ee\/toode\/code-wallet\/\",\"name\":\"Code Wallet kaardihoidja - Minimalistlikud disain kaardihoidjad\",\"isPartOf\":{\"@id\":\"https:\/\/kukkur.ee\/#website\"},\"primaryImageOfPage\":{\"@id\":\"https:\/\/kukkur.ee\/toode\/code-wallet\/#primaryimage\"},\"image\":{\"@id\":\"https:\/\/kukkur.ee\/toode\/code-wallet\/#primaryimage\"},\"thumbnailUrl\":\"https:\/\/kukkur.ee\/wp-content\/uploads\/2019\/07\/code-wallet-code-locking-black-150-2612-1020x760.jpg\",\"datePublished\":\"2019-07-16T19:27:33+00:00\",\"dateModified\":\"2026-01-07T12:16:44+00:00\",\"breadcrumb\":{\"@id\":\"https:\/\/kukkur.ee\/toode\/code-wallet\/#breadcrumb\"},\"inLanguage\":\"et\",\"potentialAction\":[{\"@type\":\"ReadAction\",\"target\":[\"https:\/\/kukkur.ee\/toode\/code-wallet\/\"]}]},{\"@type\":\"ImageObject\",\"inLanguage\":\"et\",\"@id\":\"https:\/\/kukkur.ee\/toode\/code-wallet\/#primaryimage\",\"url\":\"https:\/\/kukkur.ee\/wp-content\/uploads\/2019\/07\/code-wallet-code-locking-black-150-2612-1020x760.jpg\",\"contentUrl\":\"https:\/\/kukkur.ee\/wp-content\/uploads\/2019\/07\/code-wallet-code-locking-black-150-2612-1020x760.jpg\",\"width\":1020,\"height\":760},{\"@type\":\"BreadcrumbList\",\"@id\":\"https:\/\/kukkur.ee\/toode\/code-wallet\/#breadcrumb\",\"itemListElement\":[{\"@type\":\"ListItem\",\"position\":1,\"name\":\"Home\",\"item\":\"https:\/\/kukkur.ee\/\"},{\"@type\":\"ListItem\",\"position\":2,\"name\":\"Store\",\"item\":\"https:\/\/kukkur.ee\/store\/\"},{\"@type\":\"ListItem\",\"position\":3,\"name\":\"Code Wallet kaardihoidja\"}]},{\"@type\":\"WebSite\",\"@id\":\"https:\/\/kukkur.ee\/#website\",\"url\":\"https:\/\/kukkur.ee\/\",\"name\":\"Minimalistlikud disain kaardihoidjad\",\"description\":\"Minimalistlikud rahakotid ja kaardihoidjad\",\"publisher\":{\"@id\":\"https:\/\/kukkur.ee\/#organization\"},\"potentialAction\":[{\"@type\":\"SearchAction\",\"target\":{\"@type\":\"EntryPoint\",\"urlTemplate\":\"https:\/\/kukkur.ee\/?s={search_term_string}\"},\"query-input\":{\"@type\":\"PropertyValueSpecification\",\"valueRequired\":true,\"valueName\":\"search_term_string\"}}],\"inLanguage\":\"et\"},{\"@type\":\"Organization\",\"@id\":\"https:\/\/kukkur.ee\/#organization\",\"name\":\"Minimalistlikud disain kaardihoidjad\",\"url\":\"https:\/\/kukkur.ee\/\",\"logo\":{\"@type\":\"ImageObject\",\"inLanguage\":\"et\",\"@id\":\"https:\/\/kukkur.ee\/#\/schema\/logo\/image\/\",\"url\":\"https:\/\/kukkur.ee\/wp-content\/uploads\/2025\/11\/cropped-Convert-the-Kukkur.e.png\",\"contentUrl\":\"https:\/\/kukkur.ee\/wp-content\/uploads\/2025\/11\/cropped-Convert-the-Kukkur.e.png\",\"width\":1022,\"height\":502,\"caption\":\"Minimalistlikud disain kaardihoidjad\"},\"image\":{\"@id\":\"https:\/\/kukkur.ee\/#\/schema\/logo\/image\/\"}}]}<\/script>\n<!-- \/ Yoast SEO plugin. -->","yoast_head_json":{"title":"Code Wallet kaardihoidja - Minimalistlikud disain kaardihoidjad","robots":{"index":"index","follow":"follow","max-snippet":"max-snippet:-1","max-image-preview":"max-image-preview:large","max-video-preview":"max-video-preview:-1"},"canonical":"https:\/\/kukkur.ee\/et\/toode\/code-wallet\/","og_locale":"et_EE","og_type":"article","og_title":"Code Wallet kaardihoidja - Minimalistlikud disain kaardihoidjad","og_description":"Code Wallet kaardihoidja on kindel valik k\u00f5igile, kelle tasku peab olema kui kindlus &#8211; ligip\u00e4\u00e4setav vaid sulle. Lihtne ja efektiivne numbrilukk hoiab su v\u00e4\u00e4rtasjad v\u00e4lismaailma eest kaitstuna. Murdmatust plastist sahtlid hoiavad su kaardid ja sularaha alati korrektsena. Code Wallet on vastupidav miniseif mehele, kes tahab oma raha-asjad korras ja kaitstuna hoida.","og_url":"https:\/\/kukkur.ee\/et\/toode\/code-wallet\/","og_site_name":"Minimalistlikud disain kaardihoidjad","article_modified_time":"2026-01-07T12:16:44+00:00","og_image":[{"width":1020,"height":760,"url":"https:\/\/kukkur.ee\/wp-content\/uploads\/2019\/07\/code-wallet-code-locking-black-150-2612-1020x760.jpg","type":"image\/jpeg"}],"twitter_card":"summary_large_image","schema":{"@context":"https:\/\/schema.org","@graph":[{"@type":"WebPage","@id":"https:\/\/kukkur.ee\/toode\/code-wallet\/","url":"https:\/\/kukkur.ee\/toode\/code-wallet\/","name":"Code Wallet kaardihoidja - Minimalistlikud disain kaardihoidjad","isPartOf":{"@id":"https:\/\/kukkur.ee\/#website"},"primaryImageOfPage":{"@id":"https:\/\/kukkur.ee\/toode\/code-wallet\/#primaryimage"},"image":{"@id":"https:\/\/kukkur.ee\/toode\/code-wallet\/#primaryimage"},"thumbnailUrl":"https:\/\/kukkur.ee\/wp-content\/uploads\/2019\/07\/code-wallet-code-locking-black-150-2612-1020x760.jpg","datePublished":"2019-07-16T19:27:33+00:00","dateModified":"2026-01-07T12:16:44+00:00","breadcrumb":{"@id":"https:\/\/kukkur.ee\/toode\/code-wallet\/#breadcrumb"},"inLanguage":"et","potentialAction":[{"@type":"ReadAction","target":["https:\/\/kukkur.ee\/toode\/code-wallet\/"]}]},{"@type":"ImageObject","inLanguage":"et","@id":"https:\/\/kukkur.ee\/toode\/code-wallet\/#primaryimage","url":"https:\/\/kukkur.ee\/wp-content\/uploads\/2019\/07\/code-wallet-code-locking-black-150-2612-1020x760.jpg","contentUrl":"https:\/\/kukkur.ee\/wp-content\/uploads\/2019\/07\/code-wallet-code-locking-black-150-2612-1020x760.jpg","width":1020,"height":760},{"@type":"BreadcrumbList","@id":"https:\/\/kukkur.ee\/toode\/code-wallet\/#breadcrumb","itemListElement":[{"@type":"ListItem","position":1,"name":"Home","item":"https:\/\/kukkur.ee\/"},{"@type":"ListItem","position":2,"name":"Store","item":"https:\/\/kukkur.ee\/store\/"},{"@type":"ListItem","position":3,"name":"Code Wallet kaardihoidja"}]},{"@type":"WebSite","@id":"https:\/\/kukkur.ee\/#website","url":"https:\/\/kukkur.ee\/","name":"Minimalistlikud disain kaardihoidjad","description":"Minimalistlikud rahakotid ja kaardihoidjad","publisher":{"@id":"https:\/\/kukkur.ee\/#organization"},"potentialAction":[{"@type":"SearchAction","target":{"@type":"EntryPoint","urlTemplate":"https:\/\/kukkur.ee\/?s={search_term_string}"},"query-input":{"@type":"PropertyValueSpecification","valueRequired":true,"valueName":"search_term_string"}}],"inLanguage":"et"},{"@type":"Organization","@id":"https:\/\/kukkur.ee\/#organization","name":"Minimalistlikud disain kaardihoidjad","url":"https:\/\/kukkur.ee\/","logo":{"@type":"ImageObject","inLanguage":"et","@id":"https:\/\/kukkur.ee\/#\/schema\/logo\/image\/","url":"https:\/\/kukkur.ee\/wp-content\/uploads\/2025\/11\/cropped-Convert-the-Kukkur.e.png","contentUrl":"https:\/\/kukkur.ee\/wp-content\/uploads\/2025\/11\/cropped-Convert-the-Kukkur.e.png","width":1022,"height":502,"caption":"Minimalistlikud disain kaardihoidjad"},"image":{"@id":"https:\/\/kukkur.ee\/#\/schema\/logo\/image\/"}}]}},"jetpack_sharing_enabled":true,"_links":{"self":[{"href":"https:\/\/kukkur.ee\/et\/wp-json\/wp\/v2\/product\/239","targetHints":{"allow":["GET"]}}],"collection":[{"href":"https:\/\/kukkur.ee\/et\/wp-json\/wp\/v2\/product"}],"about":[{"href":"https:\/\/kukkur.ee\/et\/wp-json\/wp\/v2\/types\/product"}],"version-history":[{"count":1,"href":"https:\/\/kukkur.ee\/et\/wp-json\/wp\/v2\/product\/239\/revisions"}],"predecessor-version":[{"id":18011,"href":"https:\/\/kukkur.ee\/et\/wp-json\/wp\/v2\/product\/239\/revisions\/18011"}],"wp:featuredmedia":[{"embeddable":true,"href":"https:\/\/kukkur.ee\/et\/wp-json\/wp\/v2\/media\/243"}],"wp:attachment":[{"href":"https:\/\/kukkur.ee\/et\/wp-json\/wp\/v2\/media?parent=239"}],"wp:term":[{"taxonomy":"product_brand","embeddable":true,"href":"https:\/\/kukkur.ee\/et\/wp-json\/wp\/v2\/product_brand?post=239"},{"taxonomy":"product_cat","embeddable":true,"href":"https:\/\/kukkur.ee\/et\/wp-json\/wp\/v2\/product_cat?post=239"},{"taxonomy":"product_tag","embeddable":true,"href":"https:\/\/kukkur.ee\/et\/wp-json\/wp\/v2\/product_tag?post=239"}],"curies":[{"name":"wp","href":"https:\/\/api.w.org\/{rel}","templated":true}]}}