{"id":261,"date":"2019-07-17T17:29:46","date_gmt":"2019-07-17T14:29:46","guid":{"rendered":"http:\/\/kukkur.ee\/?post_type=product&#038;p=261"},"modified":"2026-03-15T19:10:51","modified_gmt":"2026-03-15T16:10:51","slug":"imossi-kaardihoidja","status":"publish","type":"product","link":"https:\/\/kukkur.ee\/et\/toode\/imossi-kaardihoidja\/","title":{"rendered":"iMOSSI kaardihoidja minimalistlik kaardihoidja"},"content":{"rendered":"<p>iMOSSI on Londonis s\u00fcndinud kaardihoidja k\u00f5igile, kes oma taskuid eriti k\u00f5hnana soovivad hoida. Siiski mahutab iMOSSI kuni 10 kaarti ja sularaha veel pealekauba. Sobib eriti h\u00e4sti kitsa l\u00f5ikega moodi hindavale mehele.<\/p>\n<p>iMOSSI on \u00fcks vastupidavamaid kaardihoidjaid, mida endale soetada saad. Eestis on Kukkur.ee pood ainus, kus iMOSSI tooteid kohata v\u00f5id. Telli ta endale v\u00f5i s\u00f5brale taskusse!<\/p>","protected":false},"excerpt":{"rendered":"<p>iMOSSI on Londonis s\u00fcndinud kaardihoidja k\u00f5igile, kes oma taskuid eriti k\u00f5hnana soovivad hoida. Siiski mahutab iMOSSI kuni 10 kaarti ja sularaha veel pealekauba. Sobib eriti h\u00e4sti kitsa l\u00f5ikega moodi hindavale mehele. iMOSSI on \u00fcks vastupidavamaid kaardihoidjaid, mida endale soetada saad. Eestis on Kukkur.ee pood ainus, kus iMOSSI tooteid kohata v\u00f5id. Telli ta endale v\u00f5i s\u00f5brale [&hellip;]<\/p>\n","protected":false},"featured_media":289,"template":"","meta":[],"product_brand":[],"product_cat":[18,19],"product_tag":[96,100,98,95,99],"class_list":{"0":"post-261","1":"product","2":"type-product","3":"status-publish","4":"has-post-thumbnail","6":"product_cat-kaardihoidjad","7":"product_cat-meeste-kaardihoidjad","8":"product_tag-kaardihoidja","9":"product_tag-kingiidee","10":"product_tag-kvaliteetne-rahakott","11":"product_tag-minimalistlik-rahakott","12":"product_tag-taskusse-mahtuv","14":"first","15":"instock","16":"taxable","17":"shipping-taxable","18":"purchasable","19":"product-type-variable"},"yoast_head":"<!-- This site is optimized with the Yoast SEO plugin v26.9 - https:\/\/yoast.com\/product\/yoast-seo-wordpress\/ -->\n<title>iMOSSI kaardihoidja minimalistlik kaardihoidja - Minimalistlikud disain kaardihoidjad<\/title>\n<meta name=\"robots\" content=\"index, follow, max-snippet:-1, max-image-preview:large, max-video-preview:-1\" \/>\n<link rel=\"canonical\" href=\"https:\/\/kukkur.ee\/et\/toode\/imossi-kaardihoidja\/\" \/>\n<meta property=\"og:locale\" content=\"et_EE\" \/>\n<meta property=\"og:type\" content=\"article\" \/>\n<meta property=\"og:title\" content=\"iMOSSI kaardihoidja minimalistlik kaardihoidja - Minimalistlikud disain kaardihoidjad\" \/>\n<meta property=\"og:description\" content=\"iMOSSI on Londonis s\u00fcndinud kaardihoidja k\u00f5igile, kes oma taskuid eriti k\u00f5hnana soovivad hoida. Siiski mahutab iMOSSI kuni 10 kaarti ja sularaha veel pealekauba. Sobib eriti h\u00e4sti kitsa l\u00f5ikega moodi hindavale mehele. iMOSSI on \u00fcks vastupidavamaid kaardihoidjaid, mida endale soetada saad. Eestis on Kukkur.ee pood ainus, kus iMOSSI tooteid kohata v\u00f5id. Telli ta endale v\u00f5i s\u00f5brale [&hellip;]\" \/>\n<meta property=\"og:url\" content=\"https:\/\/kukkur.ee\/et\/toode\/imossi-kaardihoidja\/\" \/>\n<meta property=\"og:site_name\" content=\"Minimalistlikud disain kaardihoidjad\" \/>\n<meta property=\"article:modified_time\" content=\"2026-03-15T16:10:51+00:00\" \/>\n<meta property=\"og:image\" content=\"https:\/\/kukkur.ee\/wp-content\/uploads\/2019\/07\/21762178_873753422779929_5454839052433777964_n.jpg\" \/>\n\t<meta property=\"og:image:width\" content=\"960\" \/>\n\t<meta property=\"og:image:height\" content=\"960\" \/>\n\t<meta property=\"og:image:type\" content=\"image\/jpeg\" \/>\n<meta name=\"twitter:card\" content=\"summary_large_image\" \/>\n<script type=\"application\/ld+json\" class=\"yoast-schema-graph\">{\"@context\":\"https:\/\/schema.org\",\"@graph\":[{\"@type\":\"WebPage\",\"@id\":\"https:\/\/kukkur.ee\/toode\/imossi-kaardihoidja\/\",\"url\":\"https:\/\/kukkur.ee\/toode\/imossi-kaardihoidja\/\",\"name\":\"iMOSSI kaardihoidja minimalistlik kaardihoidja - Minimalistlikud disain kaardihoidjad\",\"isPartOf\":{\"@id\":\"https:\/\/kukkur.ee\/#website\"},\"primaryImageOfPage\":{\"@id\":\"https:\/\/kukkur.ee\/toode\/imossi-kaardihoidja\/#primaryimage\"},\"image\":{\"@id\":\"https:\/\/kukkur.ee\/toode\/imossi-kaardihoidja\/#primaryimage\"},\"thumbnailUrl\":\"https:\/\/kukkur.ee\/wp-content\/uploads\/2019\/07\/21762178_873753422779929_5454839052433777964_n.jpg\",\"datePublished\":\"2019-07-17T14:29:46+00:00\",\"dateModified\":\"2026-03-15T16:10:51+00:00\",\"breadcrumb\":{\"@id\":\"https:\/\/kukkur.ee\/toode\/imossi-kaardihoidja\/#breadcrumb\"},\"inLanguage\":\"et\",\"potentialAction\":[{\"@type\":\"ReadAction\",\"target\":[\"https:\/\/kukkur.ee\/toode\/imossi-kaardihoidja\/\"]}]},{\"@type\":\"ImageObject\",\"inLanguage\":\"et\",\"@id\":\"https:\/\/kukkur.ee\/toode\/imossi-kaardihoidja\/#primaryimage\",\"url\":\"https:\/\/kukkur.ee\/wp-content\/uploads\/2019\/07\/21762178_873753422779929_5454839052433777964_n.jpg\",\"contentUrl\":\"https:\/\/kukkur.ee\/wp-content\/uploads\/2019\/07\/21762178_873753422779929_5454839052433777964_n.jpg\",\"width\":960,\"height\":960},{\"@type\":\"BreadcrumbList\",\"@id\":\"https:\/\/kukkur.ee\/toode\/imossi-kaardihoidja\/#breadcrumb\",\"itemListElement\":[{\"@type\":\"ListItem\",\"position\":1,\"name\":\"Home\",\"item\":\"https:\/\/kukkur.ee\/\"},{\"@type\":\"ListItem\",\"position\":2,\"name\":\"Store\",\"item\":\"https:\/\/kukkur.ee\/store\/\"},{\"@type\":\"ListItem\",\"position\":3,\"name\":\"iMOSSI kaardihoidja minimalistlik kaardihoidja\"}]},{\"@type\":\"WebSite\",\"@id\":\"https:\/\/kukkur.ee\/#website\",\"url\":\"https:\/\/kukkur.ee\/\",\"name\":\"Minimalistlikud disain kaardihoidjad\",\"description\":\"Minimalistlikud rahakotid ja kaardihoidjad\",\"publisher\":{\"@id\":\"https:\/\/kukkur.ee\/#organization\"},\"potentialAction\":[{\"@type\":\"SearchAction\",\"target\":{\"@type\":\"EntryPoint\",\"urlTemplate\":\"https:\/\/kukkur.ee\/?s={search_term_string}\"},\"query-input\":{\"@type\":\"PropertyValueSpecification\",\"valueRequired\":true,\"valueName\":\"search_term_string\"}}],\"inLanguage\":\"et\"},{\"@type\":\"Organization\",\"@id\":\"https:\/\/kukkur.ee\/#organization\",\"name\":\"Minimalistlikud disain kaardihoidjad\",\"url\":\"https:\/\/kukkur.ee\/\",\"logo\":{\"@type\":\"ImageObject\",\"inLanguage\":\"et\",\"@id\":\"https:\/\/kukkur.ee\/#\/schema\/logo\/image\/\",\"url\":\"https:\/\/kukkur.ee\/wp-content\/uploads\/2025\/11\/cropped-Convert-the-Kukkur.e.png\",\"contentUrl\":\"https:\/\/kukkur.ee\/wp-content\/uploads\/2025\/11\/cropped-Convert-the-Kukkur.e.png\",\"width\":1022,\"height\":502,\"caption\":\"Minimalistlikud disain kaardihoidjad\"},\"image\":{\"@id\":\"https:\/\/kukkur.ee\/#\/schema\/logo\/image\/\"}}]}<\/script>\n<!-- \/ Yoast SEO plugin. -->","yoast_head_json":{"title":"iMOSSI kaardihoidja minimalistlik kaardihoidja - Minimalistlikud disain kaardihoidjad","robots":{"index":"index","follow":"follow","max-snippet":"max-snippet:-1","max-image-preview":"max-image-preview:large","max-video-preview":"max-video-preview:-1"},"canonical":"https:\/\/kukkur.ee\/et\/toode\/imossi-kaardihoidja\/","og_locale":"et_EE","og_type":"article","og_title":"iMOSSI kaardihoidja minimalistlik kaardihoidja - Minimalistlikud disain kaardihoidjad","og_description":"iMOSSI on Londonis s\u00fcndinud kaardihoidja k\u00f5igile, kes oma taskuid eriti k\u00f5hnana soovivad hoida. Siiski mahutab iMOSSI kuni 10 kaarti ja sularaha veel pealekauba. Sobib eriti h\u00e4sti kitsa l\u00f5ikega moodi hindavale mehele. iMOSSI on \u00fcks vastupidavamaid kaardihoidjaid, mida endale soetada saad. Eestis on Kukkur.ee pood ainus, kus iMOSSI tooteid kohata v\u00f5id. Telli ta endale v\u00f5i s\u00f5brale [&hellip;]","og_url":"https:\/\/kukkur.ee\/et\/toode\/imossi-kaardihoidja\/","og_site_name":"Minimalistlikud disain kaardihoidjad","article_modified_time":"2026-03-15T16:10:51+00:00","og_image":[{"width":960,"height":960,"url":"https:\/\/kukkur.ee\/wp-content\/uploads\/2019\/07\/21762178_873753422779929_5454839052433777964_n.jpg","type":"image\/jpeg"}],"twitter_card":"summary_large_image","schema":{"@context":"https:\/\/schema.org","@graph":[{"@type":"WebPage","@id":"https:\/\/kukkur.ee\/toode\/imossi-kaardihoidja\/","url":"https:\/\/kukkur.ee\/toode\/imossi-kaardihoidja\/","name":"iMOSSI kaardihoidja minimalistlik kaardihoidja - Minimalistlikud disain kaardihoidjad","isPartOf":{"@id":"https:\/\/kukkur.ee\/#website"},"primaryImageOfPage":{"@id":"https:\/\/kukkur.ee\/toode\/imossi-kaardihoidja\/#primaryimage"},"image":{"@id":"https:\/\/kukkur.ee\/toode\/imossi-kaardihoidja\/#primaryimage"},"thumbnailUrl":"https:\/\/kukkur.ee\/wp-content\/uploads\/2019\/07\/21762178_873753422779929_5454839052433777964_n.jpg","datePublished":"2019-07-17T14:29:46+00:00","dateModified":"2026-03-15T16:10:51+00:00","breadcrumb":{"@id":"https:\/\/kukkur.ee\/toode\/imossi-kaardihoidja\/#breadcrumb"},"inLanguage":"et","potentialAction":[{"@type":"ReadAction","target":["https:\/\/kukkur.ee\/toode\/imossi-kaardihoidja\/"]}]},{"@type":"ImageObject","inLanguage":"et","@id":"https:\/\/kukkur.ee\/toode\/imossi-kaardihoidja\/#primaryimage","url":"https:\/\/kukkur.ee\/wp-content\/uploads\/2019\/07\/21762178_873753422779929_5454839052433777964_n.jpg","contentUrl":"https:\/\/kukkur.ee\/wp-content\/uploads\/2019\/07\/21762178_873753422779929_5454839052433777964_n.jpg","width":960,"height":960},{"@type":"BreadcrumbList","@id":"https:\/\/kukkur.ee\/toode\/imossi-kaardihoidja\/#breadcrumb","itemListElement":[{"@type":"ListItem","position":1,"name":"Home","item":"https:\/\/kukkur.ee\/"},{"@type":"ListItem","position":2,"name":"Store","item":"https:\/\/kukkur.ee\/store\/"},{"@type":"ListItem","position":3,"name":"iMOSSI kaardihoidja minimalistlik kaardihoidja"}]},{"@type":"WebSite","@id":"https:\/\/kukkur.ee\/#website","url":"https:\/\/kukkur.ee\/","name":"Minimalistlikud disain kaardihoidjad","description":"Minimalistlikud rahakotid ja kaardihoidjad","publisher":{"@id":"https:\/\/kukkur.ee\/#organization"},"potentialAction":[{"@type":"SearchAction","target":{"@type":"EntryPoint","urlTemplate":"https:\/\/kukkur.ee\/?s={search_term_string}"},"query-input":{"@type":"PropertyValueSpecification","valueRequired":true,"valueName":"search_term_string"}}],"inLanguage":"et"},{"@type":"Organization","@id":"https:\/\/kukkur.ee\/#organization","name":"Minimalistlikud disain kaardihoidjad","url":"https:\/\/kukkur.ee\/","logo":{"@type":"ImageObject","inLanguage":"et","@id":"https:\/\/kukkur.ee\/#\/schema\/logo\/image\/","url":"https:\/\/kukkur.ee\/wp-content\/uploads\/2025\/11\/cropped-Convert-the-Kukkur.e.png","contentUrl":"https:\/\/kukkur.ee\/wp-content\/uploads\/2025\/11\/cropped-Convert-the-Kukkur.e.png","width":1022,"height":502,"caption":"Minimalistlikud disain kaardihoidjad"},"image":{"@id":"https:\/\/kukkur.ee\/#\/schema\/logo\/image\/"}}]}},"jetpack_sharing_enabled":true,"_links":{"self":[{"href":"https:\/\/kukkur.ee\/et\/wp-json\/wp\/v2\/product\/261","targetHints":{"allow":["GET"]}}],"collection":[{"href":"https:\/\/kukkur.ee\/et\/wp-json\/wp\/v2\/product"}],"about":[{"href":"https:\/\/kukkur.ee\/et\/wp-json\/wp\/v2\/types\/product"}],"version-history":[{"count":2,"href":"https:\/\/kukkur.ee\/et\/wp-json\/wp\/v2\/product\/261\/revisions"}],"predecessor-version":[{"id":18249,"href":"https:\/\/kukkur.ee\/et\/wp-json\/wp\/v2\/product\/261\/revisions\/18249"}],"wp:featuredmedia":[{"embeddable":true,"href":"https:\/\/kukkur.ee\/et\/wp-json\/wp\/v2\/media\/289"}],"wp:attachment":[{"href":"https:\/\/kukkur.ee\/et\/wp-json\/wp\/v2\/media?parent=261"}],"wp:term":[{"taxonomy":"product_brand","embeddable":true,"href":"https:\/\/kukkur.ee\/et\/wp-json\/wp\/v2\/product_brand?post=261"},{"taxonomy":"product_cat","embeddable":true,"href":"https:\/\/kukkur.ee\/et\/wp-json\/wp\/v2\/product_cat?post=261"},{"taxonomy":"product_tag","embeddable":true,"href":"https:\/\/kukkur.ee\/et\/wp-json\/wp\/v2\/product_tag?post=261"}],"curies":[{"name":"wp","href":"https:\/\/api.w.org\/{rel}","templated":true}]}}