{"id":266,"date":"2019-07-17T17:36:31","date_gmt":"2019-07-17T14:36:31","guid":{"rendered":"http:\/\/kukkur.ee\/?post_type=product&#038;p=266"},"modified":"2025-11-18T21:13:40","modified_gmt":"2025-11-18T18:13:40","slug":"quilted-passport-rahakott","status":"publish","type":"product","link":"https:\/\/kukkur.ee\/et\/toode\/quilted-passport-rahakott\/","title":{"rendered":"Quilted Passport rahakott"},"content":{"rendered":"<p>Quilted Passport on rahakott enesekindlale naisele, kes hindab nii esteetikat kui korda. Quilted Passport on mugav formaat nii \u00e4ril\u00f5unaks kui kontsertiks, reisimisest r\u00e4\u00e4kimata. Quilted Passport lisab teravust ja s\u00e4ra sinu igap\u00e4evastesse raha-asjadesse.<\/p>\n<p>Kuni 15 kaarti, ruumi nii passile kui sularahale &#8211; ja seda s\u00e4ravas ja funktsionaalses kuues. Mida rohkem rahakott pakkuma peakski?<\/p>","protected":false},"excerpt":{"rendered":"<p>Quilted Passport on rahakott enesekindlale naisele, kes hindab nii esteetikat kui korda. Quilted Passport on mugav formaat nii \u00e4ril\u00f5unaks kui kontsertiks, reisimisest r\u00e4\u00e4kimata. Quilted Passport lisab teravust ja s\u00e4ra sinu igap\u00e4evastesse raha-asjadesse. Kuni 15 kaarti, ruumi nii passile kui sularahale &#8211; ja seda s\u00e4ravas ja funktsionaalses kuues. Mida rohkem rahakott pakkuma peakski?<\/p>","protected":false},"featured_media":293,"template":"","meta":[],"product_brand":[],"product_cat":[18,19,20],"product_tag":[],"class_list":{"0":"post-266","1":"product","2":"type-product","3":"status-publish","4":"has-post-thumbnail","6":"product_cat-kaardihoidjad","7":"product_cat-meeste-kaardihoidjad","8":"product_cat-naiste-kaardihoidjad","10":"first","11":"outofstock","12":"taxable","13":"shipping-taxable","14":"purchasable","15":"product-type-variable"},"yoast_head":"<!-- This site is optimized with the Yoast SEO plugin v26.9 - https:\/\/yoast.com\/product\/yoast-seo-wordpress\/ -->\n<title>Quilted Passport rahakott - Minimalistlikud disain kaardihoidjad<\/title>\n<meta name=\"robots\" content=\"index, follow, max-snippet:-1, max-image-preview:large, max-video-preview:-1\" \/>\n<link rel=\"canonical\" href=\"https:\/\/kukkur.ee\/et\/toode\/quilted-passport-rahakott\/\" \/>\n<meta property=\"og:locale\" content=\"et_EE\" \/>\n<meta property=\"og:type\" content=\"article\" \/>\n<meta property=\"og:title\" content=\"Quilted Passport rahakott - Minimalistlikud disain kaardihoidjad\" \/>\n<meta property=\"og:description\" content=\"Quilted Passport on rahakott enesekindlale naisele, kes hindab nii esteetikat kui korda. Quilted Passport on mugav formaat nii \u00e4ril\u00f5unaks kui kontsertiks, reisimisest r\u00e4\u00e4kimata. Quilted Passport lisab teravust ja s\u00e4ra sinu igap\u00e4evastesse raha-asjadesse. Kuni 15 kaarti, ruumi nii passile kui sularahale &#8211; ja seda s\u00e4ravas ja funktsionaalses kuues. Mida rohkem rahakott pakkuma peakski?\" \/>\n<meta property=\"og:url\" content=\"https:\/\/kukkur.ee\/et\/toode\/quilted-passport-rahakott\/\" \/>\n<meta property=\"og:site_name\" content=\"Minimalistlikud disain kaardihoidjad\" \/>\n<meta property=\"article:modified_time\" content=\"2025-11-18T18:13:40+00:00\" \/>\n<meta property=\"og:image\" content=\"https:\/\/kukkur.ee\/wp-content\/uploads\/2019\/07\/quilted-passport-wallet-red-117-2579-1020x760.jpg\" \/>\n\t<meta property=\"og:image:width\" content=\"1020\" \/>\n\t<meta property=\"og:image:height\" content=\"760\" \/>\n\t<meta property=\"og:image:type\" content=\"image\/jpeg\" \/>\n<meta name=\"twitter:card\" content=\"summary_large_image\" \/>\n<script type=\"application\/ld+json\" class=\"yoast-schema-graph\">{\"@context\":\"https:\/\/schema.org\",\"@graph\":[{\"@type\":\"WebPage\",\"@id\":\"https:\/\/kukkur.ee\/toode\/quilted-passport-rahakott\/\",\"url\":\"https:\/\/kukkur.ee\/toode\/quilted-passport-rahakott\/\",\"name\":\"Quilted Passport rahakott - Minimalistlikud disain kaardihoidjad\",\"isPartOf\":{\"@id\":\"https:\/\/kukkur.ee\/#website\"},\"primaryImageOfPage\":{\"@id\":\"https:\/\/kukkur.ee\/toode\/quilted-passport-rahakott\/#primaryimage\"},\"image\":{\"@id\":\"https:\/\/kukkur.ee\/toode\/quilted-passport-rahakott\/#primaryimage\"},\"thumbnailUrl\":\"https:\/\/kukkur.ee\/wp-content\/uploads\/2019\/07\/quilted-passport-wallet-red-117-2579-1020x760.jpg\",\"datePublished\":\"2019-07-17T14:36:31+00:00\",\"dateModified\":\"2025-11-18T18:13:40+00:00\",\"breadcrumb\":{\"@id\":\"https:\/\/kukkur.ee\/toode\/quilted-passport-rahakott\/#breadcrumb\"},\"inLanguage\":\"et\",\"potentialAction\":[{\"@type\":\"ReadAction\",\"target\":[\"https:\/\/kukkur.ee\/toode\/quilted-passport-rahakott\/\"]}]},{\"@type\":\"ImageObject\",\"inLanguage\":\"et\",\"@id\":\"https:\/\/kukkur.ee\/toode\/quilted-passport-rahakott\/#primaryimage\",\"url\":\"https:\/\/kukkur.ee\/wp-content\/uploads\/2019\/07\/quilted-passport-wallet-red-117-2579-1020x760.jpg\",\"contentUrl\":\"https:\/\/kukkur.ee\/wp-content\/uploads\/2019\/07\/quilted-passport-wallet-red-117-2579-1020x760.jpg\",\"width\":1020,\"height\":760},{\"@type\":\"BreadcrumbList\",\"@id\":\"https:\/\/kukkur.ee\/toode\/quilted-passport-rahakott\/#breadcrumb\",\"itemListElement\":[{\"@type\":\"ListItem\",\"position\":1,\"name\":\"Home\",\"item\":\"https:\/\/kukkur.ee\/\"},{\"@type\":\"ListItem\",\"position\":2,\"name\":\"Store\",\"item\":\"https:\/\/kukkur.ee\/store\/\"},{\"@type\":\"ListItem\",\"position\":3,\"name\":\"Quilted Passport rahakott\"}]},{\"@type\":\"WebSite\",\"@id\":\"https:\/\/kukkur.ee\/#website\",\"url\":\"https:\/\/kukkur.ee\/\",\"name\":\"Minimalistlikud disain kaardihoidjad\",\"description\":\"Minimalistlikud rahakotid ja kaardihoidjad\",\"publisher\":{\"@id\":\"https:\/\/kukkur.ee\/#organization\"},\"potentialAction\":[{\"@type\":\"SearchAction\",\"target\":{\"@type\":\"EntryPoint\",\"urlTemplate\":\"https:\/\/kukkur.ee\/?s={search_term_string}\"},\"query-input\":{\"@type\":\"PropertyValueSpecification\",\"valueRequired\":true,\"valueName\":\"search_term_string\"}}],\"inLanguage\":\"et\"},{\"@type\":\"Organization\",\"@id\":\"https:\/\/kukkur.ee\/#organization\",\"name\":\"Minimalistlikud disain kaardihoidjad\",\"url\":\"https:\/\/kukkur.ee\/\",\"logo\":{\"@type\":\"ImageObject\",\"inLanguage\":\"et\",\"@id\":\"https:\/\/kukkur.ee\/#\/schema\/logo\/image\/\",\"url\":\"https:\/\/kukkur.ee\/wp-content\/uploads\/2025\/11\/cropped-Convert-the-Kukkur.e.png\",\"contentUrl\":\"https:\/\/kukkur.ee\/wp-content\/uploads\/2025\/11\/cropped-Convert-the-Kukkur.e.png\",\"width\":1022,\"height\":502,\"caption\":\"Minimalistlikud disain kaardihoidjad\"},\"image\":{\"@id\":\"https:\/\/kukkur.ee\/#\/schema\/logo\/image\/\"}}]}<\/script>\n<!-- \/ Yoast SEO plugin. -->","yoast_head_json":{"title":"Quilted Passport rahakott - Minimalistlikud disain kaardihoidjad","robots":{"index":"index","follow":"follow","max-snippet":"max-snippet:-1","max-image-preview":"max-image-preview:large","max-video-preview":"max-video-preview:-1"},"canonical":"https:\/\/kukkur.ee\/et\/toode\/quilted-passport-rahakott\/","og_locale":"et_EE","og_type":"article","og_title":"Quilted Passport rahakott - Minimalistlikud disain kaardihoidjad","og_description":"Quilted Passport on rahakott enesekindlale naisele, kes hindab nii esteetikat kui korda. Quilted Passport on mugav formaat nii \u00e4ril\u00f5unaks kui kontsertiks, reisimisest r\u00e4\u00e4kimata. Quilted Passport lisab teravust ja s\u00e4ra sinu igap\u00e4evastesse raha-asjadesse. Kuni 15 kaarti, ruumi nii passile kui sularahale &#8211; ja seda s\u00e4ravas ja funktsionaalses kuues. Mida rohkem rahakott pakkuma peakski?","og_url":"https:\/\/kukkur.ee\/et\/toode\/quilted-passport-rahakott\/","og_site_name":"Minimalistlikud disain kaardihoidjad","article_modified_time":"2025-11-18T18:13:40+00:00","og_image":[{"width":1020,"height":760,"url":"https:\/\/kukkur.ee\/wp-content\/uploads\/2019\/07\/quilted-passport-wallet-red-117-2579-1020x760.jpg","type":"image\/jpeg"}],"twitter_card":"summary_large_image","schema":{"@context":"https:\/\/schema.org","@graph":[{"@type":"WebPage","@id":"https:\/\/kukkur.ee\/toode\/quilted-passport-rahakott\/","url":"https:\/\/kukkur.ee\/toode\/quilted-passport-rahakott\/","name":"Quilted Passport rahakott - Minimalistlikud disain kaardihoidjad","isPartOf":{"@id":"https:\/\/kukkur.ee\/#website"},"primaryImageOfPage":{"@id":"https:\/\/kukkur.ee\/toode\/quilted-passport-rahakott\/#primaryimage"},"image":{"@id":"https:\/\/kukkur.ee\/toode\/quilted-passport-rahakott\/#primaryimage"},"thumbnailUrl":"https:\/\/kukkur.ee\/wp-content\/uploads\/2019\/07\/quilted-passport-wallet-red-117-2579-1020x760.jpg","datePublished":"2019-07-17T14:36:31+00:00","dateModified":"2025-11-18T18:13:40+00:00","breadcrumb":{"@id":"https:\/\/kukkur.ee\/toode\/quilted-passport-rahakott\/#breadcrumb"},"inLanguage":"et","potentialAction":[{"@type":"ReadAction","target":["https:\/\/kukkur.ee\/toode\/quilted-passport-rahakott\/"]}]},{"@type":"ImageObject","inLanguage":"et","@id":"https:\/\/kukkur.ee\/toode\/quilted-passport-rahakott\/#primaryimage","url":"https:\/\/kukkur.ee\/wp-content\/uploads\/2019\/07\/quilted-passport-wallet-red-117-2579-1020x760.jpg","contentUrl":"https:\/\/kukkur.ee\/wp-content\/uploads\/2019\/07\/quilted-passport-wallet-red-117-2579-1020x760.jpg","width":1020,"height":760},{"@type":"BreadcrumbList","@id":"https:\/\/kukkur.ee\/toode\/quilted-passport-rahakott\/#breadcrumb","itemListElement":[{"@type":"ListItem","position":1,"name":"Home","item":"https:\/\/kukkur.ee\/"},{"@type":"ListItem","position":2,"name":"Store","item":"https:\/\/kukkur.ee\/store\/"},{"@type":"ListItem","position":3,"name":"Quilted Passport rahakott"}]},{"@type":"WebSite","@id":"https:\/\/kukkur.ee\/#website","url":"https:\/\/kukkur.ee\/","name":"Minimalistlikud disain kaardihoidjad","description":"Minimalistlikud rahakotid ja kaardihoidjad","publisher":{"@id":"https:\/\/kukkur.ee\/#organization"},"potentialAction":[{"@type":"SearchAction","target":{"@type":"EntryPoint","urlTemplate":"https:\/\/kukkur.ee\/?s={search_term_string}"},"query-input":{"@type":"PropertyValueSpecification","valueRequired":true,"valueName":"search_term_string"}}],"inLanguage":"et"},{"@type":"Organization","@id":"https:\/\/kukkur.ee\/#organization","name":"Minimalistlikud disain kaardihoidjad","url":"https:\/\/kukkur.ee\/","logo":{"@type":"ImageObject","inLanguage":"et","@id":"https:\/\/kukkur.ee\/#\/schema\/logo\/image\/","url":"https:\/\/kukkur.ee\/wp-content\/uploads\/2025\/11\/cropped-Convert-the-Kukkur.e.png","contentUrl":"https:\/\/kukkur.ee\/wp-content\/uploads\/2025\/11\/cropped-Convert-the-Kukkur.e.png","width":1022,"height":502,"caption":"Minimalistlikud disain kaardihoidjad"},"image":{"@id":"https:\/\/kukkur.ee\/#\/schema\/logo\/image\/"}}]}},"jetpack_sharing_enabled":true,"_links":{"self":[{"href":"https:\/\/kukkur.ee\/et\/wp-json\/wp\/v2\/product\/266","targetHints":{"allow":["GET"]}}],"collection":[{"href":"https:\/\/kukkur.ee\/et\/wp-json\/wp\/v2\/product"}],"about":[{"href":"https:\/\/kukkur.ee\/et\/wp-json\/wp\/v2\/types\/product"}],"version-history":[{"count":1,"href":"https:\/\/kukkur.ee\/et\/wp-json\/wp\/v2\/product\/266\/revisions"}],"predecessor-version":[{"id":17986,"href":"https:\/\/kukkur.ee\/et\/wp-json\/wp\/v2\/product\/266\/revisions\/17986"}],"wp:featuredmedia":[{"embeddable":true,"href":"https:\/\/kukkur.ee\/et\/wp-json\/wp\/v2\/media\/293"}],"wp:attachment":[{"href":"https:\/\/kukkur.ee\/et\/wp-json\/wp\/v2\/media?parent=266"}],"wp:term":[{"taxonomy":"product_brand","embeddable":true,"href":"https:\/\/kukkur.ee\/et\/wp-json\/wp\/v2\/product_brand?post=266"},{"taxonomy":"product_cat","embeddable":true,"href":"https:\/\/kukkur.ee\/et\/wp-json\/wp\/v2\/product_cat?post=266"},{"taxonomy":"product_tag","embeddable":true,"href":"https:\/\/kukkur.ee\/et\/wp-json\/wp\/v2\/product_tag?post=266"}],"curies":[{"name":"wp","href":"https:\/\/api.w.org\/{rel}","templated":true}]}}