{"id":3123,"date":"2019-11-01T10:34:41","date_gmt":"2019-11-01T07:34:41","guid":{"rendered":"https:\/\/kukkur.ee\/?post_type=product&#038;p=3123"},"modified":"2026-03-15T19:10:15","modified_gmt":"2026-03-15T16:10:15","slug":"stockholm-v1-libertykaardihoidja","status":"publish","type":"product","link":"https:\/\/kukkur.ee\/et\/toode\/stockholm-v1-libertykaardihoidja\/","title":{"rendered":"Kaardihoidja Stockholm V1 Liberty minimalistlik kaardihoidja"},"content":{"rendered":"","protected":false},"excerpt":{"rendered":"<p>Stockholm Liberty kaardihoidja on moodne klassika ja Kukkur.ee naisklientide lemmik. Stockholm Liberty on kindel valik k\u00f5igile, kes hindavad pilkup\u00fc\u00fcdvat ja vastupidavat kaardihoidjat.<\/p>\n<p>Tugev ja kena kest hoiab su v\u00e4\u00e4rtasjad v\u00e4lismaailma eest kaitstuna. Murdmatust plastist sahtlid hoiavad su kaardid ja sularaha kaitstuna.<\/p>\n<p>&nbsp;<\/p>","protected":false},"featured_media":3125,"template":"","meta":[],"product_brand":[],"product_cat":[18,19,20],"product_tag":[],"class_list":{"0":"post-3123","1":"product","2":"type-product","3":"status-publish","4":"has-post-thumbnail","6":"product_cat-kaardihoidjad","7":"product_cat-meeste-kaardihoidjad","8":"product_cat-naiste-kaardihoidjad","10":"first","11":"outofstock","12":"sale","13":"taxable","14":"shipping-taxable","15":"purchasable","16":"product-type-simple"},"yoast_head":"<!-- This site is optimized with the Yoast SEO plugin v26.9 - https:\/\/yoast.com\/product\/yoast-seo-wordpress\/ -->\n<title>Kaardihoidja Stockholm V1 Liberty minimalistlik kaardihoidja - Minimalistlikud disain kaardihoidjad<\/title>\n<meta name=\"robots\" content=\"index, follow, max-snippet:-1, max-image-preview:large, max-video-preview:-1\" \/>\n<link rel=\"canonical\" href=\"https:\/\/kukkur.ee\/et\/toode\/stockholm-v1-libertykaardihoidja\/\" \/>\n<meta property=\"og:locale\" content=\"et_EE\" \/>\n<meta property=\"og:type\" content=\"article\" \/>\n<meta property=\"og:title\" content=\"Kaardihoidja Stockholm V1 Liberty minimalistlik kaardihoidja - Minimalistlikud disain kaardihoidjad\" \/>\n<meta property=\"og:description\" content=\"Stockholm Liberty kaardihoidja on moodne klassika ja Kukkur.ee naisklientide lemmik. Stockholm Liberty on kindel valik k\u00f5igile, kes hindavad pilkup\u00fc\u00fcdvat ja vastupidavat kaardihoidjat.  Tugev ja kena kest hoiab su v\u00e4\u00e4rtasjad v\u00e4lismaailma eest kaitstuna. Murdmatust plastist sahtlid hoiavad su kaardid ja sularaha kaitstuna.  &nbsp;\" \/>\n<meta property=\"og:url\" content=\"https:\/\/kukkur.ee\/et\/toode\/stockholm-v1-libertykaardihoidja\/\" \/>\n<meta property=\"og:site_name\" content=\"Minimalistlikud disain kaardihoidjad\" \/>\n<meta property=\"article:modified_time\" content=\"2026-03-15T16:10:15+00:00\" \/>\n<meta property=\"og:image\" content=\"https:\/\/kukkur.ee\/wp-content\/uploads\/2019\/11\/stockholm-card-case-liberty-printed-60-2389-1020x760.jpg\" \/>\n\t<meta property=\"og:image:width\" content=\"1020\" \/>\n\t<meta property=\"og:image:height\" content=\"760\" \/>\n\t<meta property=\"og:image:type\" content=\"image\/jpeg\" \/>\n<meta name=\"twitter:card\" content=\"summary_large_image\" \/>\n<script type=\"application\/ld+json\" class=\"yoast-schema-graph\">{\"@context\":\"https:\/\/schema.org\",\"@graph\":[{\"@type\":\"WebPage\",\"@id\":\"https:\/\/kukkur.ee\/toode\/stockholm-v1-libertykaardihoidja\/\",\"url\":\"https:\/\/kukkur.ee\/toode\/stockholm-v1-libertykaardihoidja\/\",\"name\":\"Kaardihoidja Stockholm V1 Liberty minimalistlik kaardihoidja - Minimalistlikud disain kaardihoidjad\",\"isPartOf\":{\"@id\":\"https:\/\/kukkur.ee\/#website\"},\"primaryImageOfPage\":{\"@id\":\"https:\/\/kukkur.ee\/toode\/stockholm-v1-libertykaardihoidja\/#primaryimage\"},\"image\":{\"@id\":\"https:\/\/kukkur.ee\/toode\/stockholm-v1-libertykaardihoidja\/#primaryimage\"},\"thumbnailUrl\":\"https:\/\/kukkur.ee\/wp-content\/uploads\/2019\/11\/stockholm-card-case-liberty-printed-60-2389-1020x760.jpg\",\"datePublished\":\"2019-11-01T07:34:41+00:00\",\"dateModified\":\"2026-03-15T16:10:15+00:00\",\"breadcrumb\":{\"@id\":\"https:\/\/kukkur.ee\/toode\/stockholm-v1-libertykaardihoidja\/#breadcrumb\"},\"inLanguage\":\"et\",\"potentialAction\":[{\"@type\":\"ReadAction\",\"target\":[\"https:\/\/kukkur.ee\/toode\/stockholm-v1-libertykaardihoidja\/\"]}]},{\"@type\":\"ImageObject\",\"inLanguage\":\"et\",\"@id\":\"https:\/\/kukkur.ee\/toode\/stockholm-v1-libertykaardihoidja\/#primaryimage\",\"url\":\"https:\/\/kukkur.ee\/wp-content\/uploads\/2019\/11\/stockholm-card-case-liberty-printed-60-2389-1020x760.jpg\",\"contentUrl\":\"https:\/\/kukkur.ee\/wp-content\/uploads\/2019\/11\/stockholm-card-case-liberty-printed-60-2389-1020x760.jpg\",\"width\":1020,\"height\":760},{\"@type\":\"BreadcrumbList\",\"@id\":\"https:\/\/kukkur.ee\/toode\/stockholm-v1-libertykaardihoidja\/#breadcrumb\",\"itemListElement\":[{\"@type\":\"ListItem\",\"position\":1,\"name\":\"Home\",\"item\":\"https:\/\/kukkur.ee\/\"},{\"@type\":\"ListItem\",\"position\":2,\"name\":\"Store\",\"item\":\"https:\/\/kukkur.ee\/store\/\"},{\"@type\":\"ListItem\",\"position\":3,\"name\":\"Kaardihoidja Stockholm V1 Liberty minimalistlik kaardihoidja\"}]},{\"@type\":\"WebSite\",\"@id\":\"https:\/\/kukkur.ee\/#website\",\"url\":\"https:\/\/kukkur.ee\/\",\"name\":\"Minimalistlikud disain kaardihoidjad\",\"description\":\"Minimalistlikud rahakotid ja kaardihoidjad\",\"publisher\":{\"@id\":\"https:\/\/kukkur.ee\/#organization\"},\"potentialAction\":[{\"@type\":\"SearchAction\",\"target\":{\"@type\":\"EntryPoint\",\"urlTemplate\":\"https:\/\/kukkur.ee\/?s={search_term_string}\"},\"query-input\":{\"@type\":\"PropertyValueSpecification\",\"valueRequired\":true,\"valueName\":\"search_term_string\"}}],\"inLanguage\":\"et\"},{\"@type\":\"Organization\",\"@id\":\"https:\/\/kukkur.ee\/#organization\",\"name\":\"Minimalistlikud disain kaardihoidjad\",\"url\":\"https:\/\/kukkur.ee\/\",\"logo\":{\"@type\":\"ImageObject\",\"inLanguage\":\"et\",\"@id\":\"https:\/\/kukkur.ee\/#\/schema\/logo\/image\/\",\"url\":\"https:\/\/kukkur.ee\/wp-content\/uploads\/2025\/11\/cropped-Convert-the-Kukkur.e.png\",\"contentUrl\":\"https:\/\/kukkur.ee\/wp-content\/uploads\/2025\/11\/cropped-Convert-the-Kukkur.e.png\",\"width\":1022,\"height\":502,\"caption\":\"Minimalistlikud disain kaardihoidjad\"},\"image\":{\"@id\":\"https:\/\/kukkur.ee\/#\/schema\/logo\/image\/\"}}]}<\/script>\n<!-- \/ Yoast SEO plugin. -->","yoast_head_json":{"title":"Kaardihoidja Stockholm V1 Liberty minimalistlik kaardihoidja - Minimalistlikud disain kaardihoidjad","robots":{"index":"index","follow":"follow","max-snippet":"max-snippet:-1","max-image-preview":"max-image-preview:large","max-video-preview":"max-video-preview:-1"},"canonical":"https:\/\/kukkur.ee\/et\/toode\/stockholm-v1-libertykaardihoidja\/","og_locale":"et_EE","og_type":"article","og_title":"Kaardihoidja Stockholm V1 Liberty minimalistlik kaardihoidja - Minimalistlikud disain kaardihoidjad","og_description":"Stockholm Liberty kaardihoidja on moodne klassika ja Kukkur.ee naisklientide lemmik. Stockholm Liberty on kindel valik k\u00f5igile, kes hindavad pilkup\u00fc\u00fcdvat ja vastupidavat kaardihoidjat.  Tugev ja kena kest hoiab su v\u00e4\u00e4rtasjad v\u00e4lismaailma eest kaitstuna. Murdmatust plastist sahtlid hoiavad su kaardid ja sularaha kaitstuna.  &nbsp;","og_url":"https:\/\/kukkur.ee\/et\/toode\/stockholm-v1-libertykaardihoidja\/","og_site_name":"Minimalistlikud disain kaardihoidjad","article_modified_time":"2026-03-15T16:10:15+00:00","og_image":[{"width":1020,"height":760,"url":"https:\/\/kukkur.ee\/wp-content\/uploads\/2019\/11\/stockholm-card-case-liberty-printed-60-2389-1020x760.jpg","type":"image\/jpeg"}],"twitter_card":"summary_large_image","schema":{"@context":"https:\/\/schema.org","@graph":[{"@type":"WebPage","@id":"https:\/\/kukkur.ee\/toode\/stockholm-v1-libertykaardihoidja\/","url":"https:\/\/kukkur.ee\/toode\/stockholm-v1-libertykaardihoidja\/","name":"Kaardihoidja Stockholm V1 Liberty minimalistlik kaardihoidja - Minimalistlikud disain kaardihoidjad","isPartOf":{"@id":"https:\/\/kukkur.ee\/#website"},"primaryImageOfPage":{"@id":"https:\/\/kukkur.ee\/toode\/stockholm-v1-libertykaardihoidja\/#primaryimage"},"image":{"@id":"https:\/\/kukkur.ee\/toode\/stockholm-v1-libertykaardihoidja\/#primaryimage"},"thumbnailUrl":"https:\/\/kukkur.ee\/wp-content\/uploads\/2019\/11\/stockholm-card-case-liberty-printed-60-2389-1020x760.jpg","datePublished":"2019-11-01T07:34:41+00:00","dateModified":"2026-03-15T16:10:15+00:00","breadcrumb":{"@id":"https:\/\/kukkur.ee\/toode\/stockholm-v1-libertykaardihoidja\/#breadcrumb"},"inLanguage":"et","potentialAction":[{"@type":"ReadAction","target":["https:\/\/kukkur.ee\/toode\/stockholm-v1-libertykaardihoidja\/"]}]},{"@type":"ImageObject","inLanguage":"et","@id":"https:\/\/kukkur.ee\/toode\/stockholm-v1-libertykaardihoidja\/#primaryimage","url":"https:\/\/kukkur.ee\/wp-content\/uploads\/2019\/11\/stockholm-card-case-liberty-printed-60-2389-1020x760.jpg","contentUrl":"https:\/\/kukkur.ee\/wp-content\/uploads\/2019\/11\/stockholm-card-case-liberty-printed-60-2389-1020x760.jpg","width":1020,"height":760},{"@type":"BreadcrumbList","@id":"https:\/\/kukkur.ee\/toode\/stockholm-v1-libertykaardihoidja\/#breadcrumb","itemListElement":[{"@type":"ListItem","position":1,"name":"Home","item":"https:\/\/kukkur.ee\/"},{"@type":"ListItem","position":2,"name":"Store","item":"https:\/\/kukkur.ee\/store\/"},{"@type":"ListItem","position":3,"name":"Kaardihoidja Stockholm V1 Liberty minimalistlik kaardihoidja"}]},{"@type":"WebSite","@id":"https:\/\/kukkur.ee\/#website","url":"https:\/\/kukkur.ee\/","name":"Minimalistlikud disain kaardihoidjad","description":"Minimalistlikud rahakotid ja kaardihoidjad","publisher":{"@id":"https:\/\/kukkur.ee\/#organization"},"potentialAction":[{"@type":"SearchAction","target":{"@type":"EntryPoint","urlTemplate":"https:\/\/kukkur.ee\/?s={search_term_string}"},"query-input":{"@type":"PropertyValueSpecification","valueRequired":true,"valueName":"search_term_string"}}],"inLanguage":"et"},{"@type":"Organization","@id":"https:\/\/kukkur.ee\/#organization","name":"Minimalistlikud disain kaardihoidjad","url":"https:\/\/kukkur.ee\/","logo":{"@type":"ImageObject","inLanguage":"et","@id":"https:\/\/kukkur.ee\/#\/schema\/logo\/image\/","url":"https:\/\/kukkur.ee\/wp-content\/uploads\/2025\/11\/cropped-Convert-the-Kukkur.e.png","contentUrl":"https:\/\/kukkur.ee\/wp-content\/uploads\/2025\/11\/cropped-Convert-the-Kukkur.e.png","width":1022,"height":502,"caption":"Minimalistlikud disain kaardihoidjad"},"image":{"@id":"https:\/\/kukkur.ee\/#\/schema\/logo\/image\/"}}]}},"jetpack_sharing_enabled":true,"_links":{"self":[{"href":"https:\/\/kukkur.ee\/et\/wp-json\/wp\/v2\/product\/3123","targetHints":{"allow":["GET"]}}],"collection":[{"href":"https:\/\/kukkur.ee\/et\/wp-json\/wp\/v2\/product"}],"about":[{"href":"https:\/\/kukkur.ee\/et\/wp-json\/wp\/v2\/types\/product"}],"version-history":[{"count":2,"href":"https:\/\/kukkur.ee\/et\/wp-json\/wp\/v2\/product\/3123\/revisions"}],"predecessor-version":[{"id":18245,"href":"https:\/\/kukkur.ee\/et\/wp-json\/wp\/v2\/product\/3123\/revisions\/18245"}],"wp:featuredmedia":[{"embeddable":true,"href":"https:\/\/kukkur.ee\/et\/wp-json\/wp\/v2\/media\/3125"}],"wp:attachment":[{"href":"https:\/\/kukkur.ee\/et\/wp-json\/wp\/v2\/media?parent=3123"}],"wp:term":[{"taxonomy":"product_brand","embeddable":true,"href":"https:\/\/kukkur.ee\/et\/wp-json\/wp\/v2\/product_brand?post=3123"},{"taxonomy":"product_cat","embeddable":true,"href":"https:\/\/kukkur.ee\/et\/wp-json\/wp\/v2\/product_cat?post=3123"},{"taxonomy":"product_tag","embeddable":true,"href":"https:\/\/kukkur.ee\/et\/wp-json\/wp\/v2\/product_tag?post=3123"}],"curies":[{"name":"wp","href":"https:\/\/api.w.org\/{rel}","templated":true}]}}